{"id":6090,"date":"2020-06-09T13:11:08","date_gmt":"2020-06-09T10:11:08","guid":{"rendered":"https:\/\/scrfiltre.com\/?page_id=6090"},"modified":"2020-09-01T12:34:13","modified_gmt":"2020-09-01T09:34:13","slug":"neden-scr","status":"publish","type":"page","link":"https:\/\/scrfiltre.com\/tr\/neden-scr\/","title":{"rendered":"Kontrol Panolar\u0131"},"content":{"rendered":"\t\t<div data-elementor-type=\"wp-page\" data-elementor-id=\"6090\" class=\"elementor elementor-6090\">\n\t\t\t\t\t\t<section class=\"elementor-section elementor-top-section elementor-element elementor-element-fb14641 elementor-section-boxed elementor-section-height-default elementor-section-height-default\" data-id=\"fb14641\" data-element_type=\"section\">\n\t\t\t\t\t\t<div class=\"elementor-container elementor-column-gap-default\">\n\t\t\t\t\t<div class=\"elementor-column elementor-col-100 elementor-top-column elementor-element elementor-element-f8ac4f4\" data-id=\"f8ac4f4\" data-element_type=\"column\">\n\t\t\t<div class=\"elementor-widget-wrap elementor-element-populated\">\n\t\t\t\t\t\t<div class=\"elementor-element elementor-element-0791cd1 elementor-widget elementor-widget-html\" data-id=\"0791cd1\" data-element_type=\"widget\" data-widget_type=\"html.default\">\n\t\t\t\t<div class=\"elementor-widget-container\">\n\t\t\t\t\t<style>\n    .mk-filter-item{\n        color: #156A31 !important;\n    }\n    .mk-filter-item:hover{\n        color: #000 !important;\n        transition: color .5s;\n    }\n    .mk-filter-activated{\n        color: #000;\n        border: 1px solid rgba(21, 106, 49, 0.12);\n        padding: .5rem;\n        border-radius: .6rem;\n        background-color: rgba(21, 106, 49, 0.12);\n    }\n    .elementor-clearfix p{\n        margin: 0 !important;\n    }\n    .woo-xs-content{\n        padding: 0;\n    }\n<\/style>\t\t\t\t<\/div>\n\t\t\t\t<\/div>\n\t\t\t\t\t<\/div>\n\t\t<\/div>\n\t\t\t\t\t<\/div>\n\t\t<\/section>\n\t\t\t\t<section class=\"elementor-section elementor-top-section elementor-element elementor-element-6df7c28 elementor-section-stretched elementor-section-full_width elementor-section-height-default elementor-section-height-default\" data-id=\"6df7c28\" data-element_type=\"section\" data-settings=\"{&quot;stretch_section&quot;:&quot;section-stretched&quot;}\">\n\t\t\t\t\t\t<div class=\"elementor-container elementor-column-gap-no\">\n\t\t\t\t\t<div class=\"elementor-column elementor-col-50 elementor-top-column elementor-element elementor-element-3d26a21\" data-id=\"3d26a21\" data-element_type=\"column\">\n\t\t\t<div class=\"elementor-widget-wrap elementor-element-populated\">\n\t\t\t\t\t\t<div class=\"elementor-element elementor-element-e667af9 elementor-widget elementor-widget-spacer\" data-id=\"e667af9\" data-element_type=\"widget\" data-widget_type=\"spacer.default\">\n\t\t\t\t<div class=\"elementor-widget-container\">\n\t\t\t\t\t\t\t<div class=\"elementor-spacer\">\n\t\t\t<div class=\"elementor-spacer-inner\"><\/div>\n\t\t<\/div>\n\t\t\t\t\t\t<\/div>\n\t\t\t\t<\/div>\n\t\t\t\t\t<\/div>\n\t\t<\/div>\n\t\t\t\t<div class=\"elementor-column elementor-col-50 elementor-top-column elementor-element elementor-element-5c3b4de\" data-id=\"5c3b4de\" data-element_type=\"column\">\n\t\t\t<div class=\"elementor-widget-wrap elementor-element-populated\">\n\t\t\t\t\t\t<section class=\"elementor-section elementor-inner-section elementor-element elementor-element-b98f45f elementor-section-boxed elementor-section-height-default elementor-section-height-default\" data-id=\"b98f45f\" data-element_type=\"section\">\n\t\t\t\t\t\t<div class=\"elementor-container elementor-column-gap-default\">\n\t\t\t\t\t<div class=\"elementor-column elementor-col-100 elementor-inner-column elementor-element elementor-element-c47e4e8\" data-id=\"c47e4e8\" data-element_type=\"column\">\n\t\t\t<div class=\"elementor-widget-wrap elementor-element-populated\">\n\t\t\t\t\t\t<div class=\"elementor-element elementor-element-2fb658a elementor-widget elementor-widget-elementskit-heading\" data-id=\"2fb658a\" data-element_type=\"widget\" data-widget_type=\"elementskit-heading.default\">\n\t\t\t\t<div class=\"elementor-widget-container\">\n\t\t\t\t\t<div class=\"ekit-wid-con\" ><div class=\"ekit-heading elementskit-section-title-wraper text_left   ekit_heading_tablet-   ekit_heading_mobile-\"><h2 class=\"ekit-heading--title elementskit-section-title \">Neden SCR Filtre ?<\/h2><div class=\"ekit_heading_separetor_wraper ekit_heading_elementskit-border-divider ekit-dotted\"><div class=\"elementskit-border-divider ekit-dotted\"><\/div><\/div><\/div><\/div>\t\t\t\t<\/div>\n\t\t\t\t<\/div>\n\t\t\t\t\t<\/div>\n\t\t<\/div>\n\t\t\t\t\t<\/div>\n\t\t<\/section>\n\t\t\t\t\t<\/div>\n\t\t<\/div>\n\t\t\t\t\t<\/div>\n\t\t<\/section>\n\t\t\t\t<section class=\"elementor-section elementor-top-section elementor-element elementor-element-7c115a7 elementor-section-boxed elementor-section-height-default elementor-section-height-default\" data-id=\"7c115a7\" data-element_type=\"section\">\n\t\t\t\t\t\t<div class=\"elementor-container elementor-column-gap-default\">\n\t\t\t\t\t<div class=\"elementor-column elementor-col-100 elementor-top-column elementor-element elementor-element-27fa189\" data-id=\"27fa189\" data-element_type=\"column\">\n\t\t\t<div class=\"elementor-widget-wrap elementor-element-populated\">\n\t\t\t\t\t\t<div class=\"elementor-element elementor-element-9a80b98 elementor-widget elementor-widget-text-editor\" data-id=\"9a80b98\" data-element_type=\"widget\" data-widget_type=\"text-editor.default\">\n\t\t\t\t<div class=\"elementor-widget-container\">\n\t\t\t\t\t\t\t\t\t<p>&gt; S\u0131n\u0131f\u0131n\u0131n en y\u00fcksek toplay\u0131c\u0131 y\u00fczeyine sahip SCR serileri ( 14m2) &#8216;dir.<\/p><p>&gt; \u00c7ok az yer kaplar ve sessiz \u00e7al\u0131\u015f\u0131r.<\/p><p>&gt; Daha fazla bak\u0131m aral\u0131klar\u0131 ile d\u00fc\u015f\u00fck bak\u0131m maliyetleri sa\u011flar.<\/p><p>&gt; Kolay kullan\u0131m<\/p><p>&gt; 1 mikron alt\u0131 filtreleme teknolojisi ( \u00a0\u0130nsan\u00a0<b>sa\u00e7<\/b>\u00a0telinin ortalama\u00a0<b>kal\u0131nl\u0131\u011f\u0131 70\u00a0mikron &#8216;dur ve<\/b> \u00a0\u0130nsan g\u00f6z\u00fcn\u00fcn nesne olarak g\u00f6rme limiti 40\u00a0<b>mikron&#8217;dur<\/b>. ).<\/p><p>&gt;\u00a0 \u0130\u00e7 ortam hava kalitesini art\u0131r\u0131r.<\/p><p>&gt;\u00a0 %98 &#8216;e kadar\u00a0 etkili filtreleme yapar.<\/p><p>&gt; Sat\u0131\u015f sonras\u0131 kesintisiz ve k\u0131sa s\u00fcrede hizmet\u00a0<\/p><p>&gt; Garanti 2 y\u0131ld\u0131r.Kendi \u00fcr\u00fcn\u00fcm\u00fcz CleanPower kullan\u0131lmad\u0131\u011f\u0131 takdirde sadece Anatoplay\u0131c\u0131 i\u00e7in Garanti 1 y\u0131l &#8216;d\u0131r.<\/p><p>&gt; Yedek par\u00e7a sorunu ya\u015fanmaz.<\/p><p>&gt; T\u00fcrkiye&#8221;nin en \u00e7ok otel referans\u0131 olan \u00fcr\u00fcn\u00fc olmas\u0131.<\/p><p>&gt; AR-GE &#8216;ye verdi\u011fi \u00f6nemle s\u00fcrekli kendini yenilemesi ve geli\u015ftirmesi<\/p><p>&gt; Ekibimizin 2010 y\u0131l\u0131ndan beri Elektrostatik filtreli sistemlerdeki \u00fcst\u00fcn tecr\u00fcbesi<\/p><p>&gt; Do\u011fru \u00fcr\u00fcn se\u00e7imi i\u00e7in profesyonel proje dan\u0131\u015fmanl\u0131\u011f\u0131<\/p><p>\u00a0<\/p>\t\t\t\t\t\t\t\t<\/div>\n\t\t\t\t<\/div>\n\t\t\t\t\t<\/div>\n\t\t<\/div>\n\t\t\t\t\t<\/div>\n\t\t<\/section>\n\t\t\t\t<\/div>\n\t\t","protected":false},"excerpt":{"rendered":"<p>Neden SCR Filtre ? &gt; S\u0131n\u0131f\u0131n\u0131n en y\u00fcksek toplay\u0131c\u0131 y\u00fczeyine sahip SCR serileri ( 14m2) &#8216;dir. &gt; \u00c7ok az yer kaplar ve sessiz \u00e7al\u0131\u015f\u0131r. &gt; Daha fazla bak\u0131m aral\u0131klar\u0131 ile d\u00fc\u015f\u00fck bak\u0131m maliyetleri sa\u011flar. &gt; Kolay kullan\u0131m &gt; 1 mikron alt\u0131 filtreleme teknolojisi ( &nbsp;\u0130nsan&nbsp;sa\u00e7&nbsp;telinin ortalama&nbsp;kal\u0131nl\u0131\u011f\u0131 70&nbsp;mikron &#8216;dur ve &nbsp;\u0130nsan g\u00f6z\u00fcn\u00fcn nesne olarak g\u00f6rme limiti [&hellip;]<\/p>\n","protected":false},"author":1,"featured_media":0,"parent":0,"menu_order":0,"comment_status":"closed","ping_status":"closed","template":"template\/template-woo.php","meta":{"footnotes":""},"class_list":["post-6090","page","type-page","status-publish","hentry"],"yoast_head":"<!-- This site is optimized with the Yoast SEO plugin v24.2 - https:\/\/yoast.com\/wordpress\/plugins\/seo\/ -->\n<title>Kontrol Panolar\u0131 &#187; SCR Filtre<\/title>\n<meta name=\"robots\" content=\"index, follow, max-snippet:-1, max-image-preview:large, max-video-preview:-1\" \/>\n<link rel=\"canonical\" href=\"https:\/\/scrfiltre.com\/tr\/neden-scr\/\" \/>\n<meta property=\"og:locale\" content=\"tr_TR\" \/>\n<meta property=\"og:type\" content=\"article\" \/>\n<meta property=\"og:title\" content=\"Kontrol Panolar\u0131 &#187; SCR Filtre\" \/>\n<meta property=\"og:description\" content=\"Neden SCR Filtre ? &gt; S\u0131n\u0131f\u0131n\u0131n en y\u00fcksek toplay\u0131c\u0131 y\u00fczeyine sahip SCR serileri ( 14m2) &#8216;dir. &gt; \u00c7ok az yer kaplar ve sessiz \u00e7al\u0131\u015f\u0131r. &gt; Daha fazla bak\u0131m aral\u0131klar\u0131 ile d\u00fc\u015f\u00fck bak\u0131m maliyetleri sa\u011flar. &gt; Kolay kullan\u0131m &gt; 1 mikron alt\u0131 filtreleme teknolojisi ( &nbsp;\u0130nsan&nbsp;sa\u00e7&nbsp;telinin ortalama&nbsp;kal\u0131nl\u0131\u011f\u0131 70&nbsp;mikron &#8216;dur ve &nbsp;\u0130nsan g\u00f6z\u00fcn\u00fcn nesne olarak g\u00f6rme limiti [&hellip;]\" \/>\n<meta property=\"og:url\" content=\"https:\/\/scrfiltre.com\/tr\/neden-scr\/\" \/>\n<meta property=\"og:site_name\" content=\"SCR Filtre\" \/>\n<meta property=\"article:modified_time\" content=\"2020-09-01T09:34:13+00:00\" \/>\n<meta name=\"twitter:card\" content=\"summary_large_image\" \/>\n<meta name=\"twitter:label1\" content=\"Tahmini okuma s\u00fcresi\" \/>\n\t<meta name=\"twitter:data1\" content=\"1 dakika\" \/>\n<script type=\"application\/ld+json\" class=\"yoast-schema-graph\">{\"@context\":\"https:\/\/schema.org\",\"@graph\":[{\"@type\":\"WebPage\",\"@id\":\"https:\/\/scrfiltre.com\/en\/neden-scr\/\",\"url\":\"https:\/\/scrfiltre.com\/en\/neden-scr\/\",\"name\":\"Kontrol Panolar\u0131 &#187; SCR Filtre\",\"isPartOf\":{\"@id\":\"https:\/\/scrfiltre.com\/#website\"},\"datePublished\":\"2020-06-09T10:11:08+00:00\",\"dateModified\":\"2020-09-01T09:34:13+00:00\",\"breadcrumb\":{\"@id\":\"https:\/\/scrfiltre.com\/en\/neden-scr\/#breadcrumb\"},\"inLanguage\":\"tr\",\"potentialAction\":[{\"@type\":\"ReadAction\",\"target\":[\"https:\/\/scrfiltre.com\/en\/neden-scr\/\"]}]},{\"@type\":\"BreadcrumbList\",\"@id\":\"https:\/\/scrfiltre.com\/en\/neden-scr\/#breadcrumb\",\"itemListElement\":[{\"@type\":\"ListItem\",\"position\":1,\"name\":\"Ana sayfa\",\"item\":\"https:\/\/scrfiltre.com\/tr\/\"},{\"@type\":\"ListItem\",\"position\":2,\"name\":\"Kontrol Panolar\u0131\"}]},{\"@type\":\"WebSite\",\"@id\":\"https:\/\/scrfiltre.com\/#website\",\"url\":\"https:\/\/scrfiltre.com\/\",\"name\":\"SCR Filtre\",\"description\":\"Elektrostatik Filtre\",\"publisher\":{\"@id\":\"https:\/\/scrfiltre.com\/#organization\"},\"potentialAction\":[{\"@type\":\"SearchAction\",\"target\":{\"@type\":\"EntryPoint\",\"urlTemplate\":\"https:\/\/scrfiltre.com\/?s={search_term_string}\"},\"query-input\":{\"@type\":\"PropertyValueSpecification\",\"valueRequired\":true,\"valueName\":\"search_term_string\"}}],\"inLanguage\":\"tr\"},{\"@type\":\"Organization\",\"@id\":\"https:\/\/scrfiltre.com\/#organization\",\"name\":\"SCR Filtre\",\"url\":\"https:\/\/scrfiltre.com\/\",\"logo\":{\"@type\":\"ImageObject\",\"inLanguage\":\"tr\",\"@id\":\"https:\/\/scrfiltre.com\/#\/schema\/logo\/image\/\",\"url\":\"https:\/\/scrfiltre.com\/wp-content\/uploads\/2020\/06\/icon.png\",\"contentUrl\":\"https:\/\/scrfiltre.com\/wp-content\/uploads\/2020\/06\/icon.png\",\"width\":512,\"height\":512,\"caption\":\"SCR Filtre\"},\"image\":{\"@id\":\"https:\/\/scrfiltre.com\/#\/schema\/logo\/image\/\"}}]}<\/script>\n<!-- \/ Yoast SEO plugin. -->","yoast_head_json":{"title":"Kontrol Panolar\u0131 &#187; SCR Filtre","robots":{"index":"index","follow":"follow","max-snippet":"max-snippet:-1","max-image-preview":"max-image-preview:large","max-video-preview":"max-video-preview:-1"},"canonical":"https:\/\/scrfiltre.com\/tr\/neden-scr\/","og_locale":"tr_TR","og_type":"article","og_title":"Kontrol Panolar\u0131 &#187; SCR Filtre","og_description":"Neden SCR Filtre ? &gt; S\u0131n\u0131f\u0131n\u0131n en y\u00fcksek toplay\u0131c\u0131 y\u00fczeyine sahip SCR serileri ( 14m2) &#8216;dir. &gt; \u00c7ok az yer kaplar ve sessiz \u00e7al\u0131\u015f\u0131r. &gt; Daha fazla bak\u0131m aral\u0131klar\u0131 ile d\u00fc\u015f\u00fck bak\u0131m maliyetleri sa\u011flar. &gt; Kolay kullan\u0131m &gt; 1 mikron alt\u0131 filtreleme teknolojisi ( &nbsp;\u0130nsan&nbsp;sa\u00e7&nbsp;telinin ortalama&nbsp;kal\u0131nl\u0131\u011f\u0131 70&nbsp;mikron &#8216;dur ve &nbsp;\u0130nsan g\u00f6z\u00fcn\u00fcn nesne olarak g\u00f6rme limiti [&hellip;]","og_url":"https:\/\/scrfiltre.com\/tr\/neden-scr\/","og_site_name":"SCR Filtre","article_modified_time":"2020-09-01T09:34:13+00:00","twitter_card":"summary_large_image","twitter_misc":{"Tahmini okuma s\u00fcresi":"1 dakika"},"schema":{"@context":"https:\/\/schema.org","@graph":[{"@type":"WebPage","@id":"https:\/\/scrfiltre.com\/en\/neden-scr\/","url":"https:\/\/scrfiltre.com\/en\/neden-scr\/","name":"Kontrol Panolar\u0131 &#187; SCR Filtre","isPartOf":{"@id":"https:\/\/scrfiltre.com\/#website"},"datePublished":"2020-06-09T10:11:08+00:00","dateModified":"2020-09-01T09:34:13+00:00","breadcrumb":{"@id":"https:\/\/scrfiltre.com\/en\/neden-scr\/#breadcrumb"},"inLanguage":"tr","potentialAction":[{"@type":"ReadAction","target":["https:\/\/scrfiltre.com\/en\/neden-scr\/"]}]},{"@type":"BreadcrumbList","@id":"https:\/\/scrfiltre.com\/en\/neden-scr\/#breadcrumb","itemListElement":[{"@type":"ListItem","position":1,"name":"Ana sayfa","item":"https:\/\/scrfiltre.com\/tr\/"},{"@type":"ListItem","position":2,"name":"Kontrol Panolar\u0131"}]},{"@type":"WebSite","@id":"https:\/\/scrfiltre.com\/#website","url":"https:\/\/scrfiltre.com\/","name":"SCR Filtre","description":"Elektrostatik Filtre","publisher":{"@id":"https:\/\/scrfiltre.com\/#organization"},"potentialAction":[{"@type":"SearchAction","target":{"@type":"EntryPoint","urlTemplate":"https:\/\/scrfiltre.com\/?s={search_term_string}"},"query-input":{"@type":"PropertyValueSpecification","valueRequired":true,"valueName":"search_term_string"}}],"inLanguage":"tr"},{"@type":"Organization","@id":"https:\/\/scrfiltre.com\/#organization","name":"SCR Filtre","url":"https:\/\/scrfiltre.com\/","logo":{"@type":"ImageObject","inLanguage":"tr","@id":"https:\/\/scrfiltre.com\/#\/schema\/logo\/image\/","url":"https:\/\/scrfiltre.com\/wp-content\/uploads\/2020\/06\/icon.png","contentUrl":"https:\/\/scrfiltre.com\/wp-content\/uploads\/2020\/06\/icon.png","width":512,"height":512,"caption":"SCR Filtre"},"image":{"@id":"https:\/\/scrfiltre.com\/#\/schema\/logo\/image\/"}}]}},"_links":{"self":[{"href":"https:\/\/scrfiltre.com\/tr\/wp-json\/wp\/v2\/pages\/6090"}],"collection":[{"href":"https:\/\/scrfiltre.com\/tr\/wp-json\/wp\/v2\/pages"}],"about":[{"href":"https:\/\/scrfiltre.com\/tr\/wp-json\/wp\/v2\/types\/page"}],"author":[{"embeddable":true,"href":"https:\/\/scrfiltre.com\/tr\/wp-json\/wp\/v2\/users\/1"}],"replies":[{"embeddable":true,"href":"https:\/\/scrfiltre.com\/tr\/wp-json\/wp\/v2\/comments?post=6090"}],"version-history":[{"count":9,"href":"https:\/\/scrfiltre.com\/tr\/wp-json\/wp\/v2\/pages\/6090\/revisions"}],"predecessor-version":[{"id":6851,"href":"https:\/\/scrfiltre.com\/tr\/wp-json\/wp\/v2\/pages\/6090\/revisions\/6851"}],"wp:attachment":[{"href":"https:\/\/scrfiltre.com\/tr\/wp-json\/wp\/v2\/media?parent=6090"}],"curies":[{"name":"wp","href":"https:\/\/api.w.org\/{rel}","templated":true}]}}