{"id":6088,"date":"2020-06-09T13:10:44","date_gmt":"2020-06-09T10:10:44","guid":{"rendered":"https:\/\/scrfiltre.com\/?page_id=6088"},"modified":"2020-08-18T15:50:30","modified_gmt":"2020-08-18T12:50:30","slug":"screco-moduler-2500","status":"publish","type":"page","link":"https:\/\/scrfiltre.com\/tr\/screco-moduler-2500\/","title":{"rendered":"SCRECO Mod\u00fcler 2500"},"content":{"rendered":"\t\t<div data-elementor-type=\"wp-page\" data-elementor-id=\"6088\" class=\"elementor elementor-6088\">\n\t\t\t\t\t\t<section class=\"elementor-section elementor-top-section elementor-element elementor-element-a440c0e elementor-section-boxed elementor-section-height-default elementor-section-height-default\" data-id=\"a440c0e\" data-element_type=\"section\">\n\t\t\t\t\t\t<div class=\"elementor-container elementor-column-gap-default\">\n\t\t\t\t\t<div class=\"elementor-column elementor-col-100 elementor-top-column elementor-element elementor-element-7bd0f5d\" data-id=\"7bd0f5d\" data-element_type=\"column\">\n\t\t\t<div class=\"elementor-widget-wrap elementor-element-populated\">\n\t\t\t\t\t\t<div class=\"elementor-element elementor-element-1c2ffdc elementor-widget elementor-widget-html\" data-id=\"1c2ffdc\" data-element_type=\"widget\" data-widget_type=\"html.default\">\n\t\t\t\t<div class=\"elementor-widget-container\">\n\t\t\t\t\t<style>\n    .mk-filter-item{\n        color: #156A31 !important;\n    }\n    .mk-filter-item:hover{\n        color: #000 !important;\n        transition: color .5s;\n    }\n    .mk-filter-activated{\n        color: #000;\n        border: 1px solid rgba(21, 106, 49, 0.12);\n        padding: .5rem;\n        border-radius: .6rem;\n        background-color: rgba(21, 106, 49, 0.12);\n    }\n    .elementor-clearfix p{\n        margin: 0 !important;\n    }\n    .woo-xs-content{\n        padding: 0;\n    }\n<\/style>\t\t\t\t<\/div>\n\t\t\t\t<\/div>\n\t\t\t\t\t<\/div>\n\t\t<\/div>\n\t\t\t\t\t<\/div>\n\t\t<\/section>\n\t\t\t\t<section class=\"elementor-section elementor-top-section elementor-element elementor-element-4109b1b elementor-section-stretched elementor-section-full_width elementor-section-height-default elementor-section-height-default\" data-id=\"4109b1b\" data-element_type=\"section\" data-settings=\"{&quot;stretch_section&quot;:&quot;section-stretched&quot;}\">\n\t\t\t\t\t\t<div class=\"elementor-container elementor-column-gap-no\">\n\t\t\t\t\t<div class=\"elementor-column elementor-col-100 elementor-top-column elementor-element elementor-element-e3c068f\" data-id=\"e3c068f\" data-element_type=\"column\">\n\t\t\t<div class=\"elementor-widget-wrap elementor-element-populated\">\n\t\t\t\t\t\t<section class=\"elementor-section elementor-inner-section elementor-element elementor-element-318fc73 elementor-section-boxed elementor-section-height-default elementor-section-height-default\" data-id=\"318fc73\" data-element_type=\"section\">\n\t\t\t\t\t\t<div class=\"elementor-container elementor-column-gap-default\">\n\t\t\t\t\t<div class=\"elementor-column elementor-col-100 elementor-inner-column elementor-element elementor-element-bf07cfd\" data-id=\"bf07cfd\" data-element_type=\"column\">\n\t\t\t<div class=\"elementor-widget-wrap elementor-element-populated\">\n\t\t\t\t\t\t<div class=\"elementor-element elementor-element-b774507 elementor-widget elementor-widget-elementskit-heading\" data-id=\"b774507\" data-element_type=\"widget\" data-widget_type=\"elementskit-heading.default\">\n\t\t\t\t<div class=\"elementor-widget-container\">\n\t\t\t\t\t<div class=\"ekit-wid-con\" ><div class=\"ekit-heading elementskit-section-title-wraper text_left   ekit_heading_tablet-   ekit_heading_mobile-\"><h2 class=\"ekit-heading--title elementskit-section-title \">SCRECO Mod\u00fcler 2500<\/h2><div class=\"ekit_heading_separetor_wraper ekit_heading_elementskit-border-divider ekit-dotted\"><div class=\"elementskit-border-divider ekit-dotted\"><\/div><\/div><\/div><\/div>\t\t\t\t<\/div>\n\t\t\t\t<\/div>\n\t\t\t\t<div class=\"elementor-element elementor-element-1dcd642 elementor-widget elementor-widget-text-editor\" data-id=\"1dcd642\" data-element_type=\"widget\" data-widget_type=\"text-editor.default\">\n\t\t\t\t<div class=\"elementor-widget-container\">\n\t\t\t\t\t\t\t\t\t<p>SCRECO Mod\u00fcler 2500<\/p>\t\t\t\t\t\t\t\t<\/div>\n\t\t\t\t<\/div>\n\t\t\t\t\t<\/div>\n\t\t<\/div>\n\t\t\t\t\t<\/div>\n\t\t<\/section>\n\t\t\t\t<section class=\"elementor-section elementor-inner-section elementor-element elementor-element-1ab7d28 elementor-section-boxed elementor-section-height-default elementor-section-height-default\" data-id=\"1ab7d28\" data-element_type=\"section\">\n\t\t\t\t\t\t<div class=\"elementor-container elementor-column-gap-default\">\n\t\t\t\t\t<div class=\"elementor-column elementor-col-100 elementor-inner-column elementor-element elementor-element-62e6709\" data-id=\"62e6709\" data-element_type=\"column\">\n\t\t\t<div class=\"elementor-widget-wrap\">\n\t\t\t\t\t\t\t<\/div>\n\t\t<\/div>\n\t\t\t\t\t<\/div>\n\t\t<\/section>\n\t\t\t\t<section class=\"elementor-section elementor-inner-section elementor-element elementor-element-ab6e2c9 elementor-section-boxed elementor-section-height-default elementor-section-height-default\" data-id=\"ab6e2c9\" data-element_type=\"section\">\n\t\t\t\t\t\t<div class=\"elementor-container elementor-column-gap-default\">\n\t\t\t\t\t<div class=\"elementor-column elementor-col-50 elementor-inner-column elementor-element elementor-element-d94c7d8\" data-id=\"d94c7d8\" data-element_type=\"column\">\n\t\t\t<div class=\"elementor-widget-wrap elementor-element-populated\">\n\t\t\t\t\t\t<div class=\"elementor-element elementor-element-7171e8c elementor-widget-mobile__width-auto elementor-widget elementor-widget-image\" data-id=\"7171e8c\" data-element_type=\"widget\" data-widget_type=\"image.default\">\n\t\t\t\t<div class=\"elementor-widget-container\">\n\t\t\t\t\t\t\t\t\t\t\t\t\t\t\t<img fetchpriority=\"high\" decoding=\"async\" width=\"1024\" height=\"1024\" src=\"https:\/\/scrfiltre.com\/wp-content\/uploads\/2020\/08\/scr-logo-y2-1024x1024.jpg\" class=\"attachment-large size-large wp-image-6704\" alt=\"\" srcset=\"https:\/\/scrfiltre.com\/wp-content\/uploads\/2020\/08\/scr-logo-y2-1024x1024.jpg 1024w, https:\/\/scrfiltre.com\/wp-content\/uploads\/2020\/08\/scr-logo-y2-300x300.jpg 300w, https:\/\/scrfiltre.com\/wp-content\/uploads\/2020\/08\/scr-logo-y2-150x150.jpg 150w, https:\/\/scrfiltre.com\/wp-content\/uploads\/2020\/08\/scr-logo-y2-768x768.jpg 768w, https:\/\/scrfiltre.com\/wp-content\/uploads\/2020\/08\/scr-logo-y2-1536x1536.jpg 1536w, https:\/\/scrfiltre.com\/wp-content\/uploads\/2020\/08\/scr-logo-y2.jpg 1600w\" sizes=\"(max-width: 1024px) 100vw, 1024px\" \/>\t\t\t\t\t\t\t\t\t\t\t\t\t\t\t<\/div>\n\t\t\t\t<\/div>\n\t\t\t\t<div class=\"elementor-element elementor-element-cf2b3f7 elementor-widget-mobile__width-auto elementor-widget elementor-widget-image\" data-id=\"cf2b3f7\" data-element_type=\"widget\" data-widget_type=\"image.default\">\n\t\t\t\t<div class=\"elementor-widget-container\">\n\t\t\t\t\t\t\t\t\t\t\t\t\t\t\t<img decoding=\"async\" width=\"1024\" height=\"1024\" src=\"https:\/\/scrfiltre.com\/wp-content\/uploads\/2020\/08\/scr-logo-y3-1024x1024.jpg\" class=\"attachment-large size-large wp-image-6705\" alt=\"\" srcset=\"https:\/\/scrfiltre.com\/wp-content\/uploads\/2020\/08\/scr-logo-y3-1024x1024.jpg 1024w, https:\/\/scrfiltre.com\/wp-content\/uploads\/2020\/08\/scr-logo-y3-300x300.jpg 300w, https:\/\/scrfiltre.com\/wp-content\/uploads\/2020\/08\/scr-logo-y3-150x150.jpg 150w, https:\/\/scrfiltre.com\/wp-content\/uploads\/2020\/08\/scr-logo-y3-768x768.jpg 768w, https:\/\/scrfiltre.com\/wp-content\/uploads\/2020\/08\/scr-logo-y3-1536x1536.jpg 1536w, https:\/\/scrfiltre.com\/wp-content\/uploads\/2020\/08\/scr-logo-y3.jpg 1600w\" sizes=\"(max-width: 1024px) 100vw, 1024px\" \/>\t\t\t\t\t\t\t\t\t\t\t\t\t\t\t<\/div>\n\t\t\t\t<\/div>\n\t\t\t\t<div class=\"elementor-element elementor-element-ee2ba2a elementor-widget-mobile__width-auto elementor-widget elementor-widget-image\" data-id=\"ee2ba2a\" data-element_type=\"widget\" data-widget_type=\"image.default\">\n\t\t\t\t<div class=\"elementor-widget-container\">\n\t\t\t\t\t\t\t\t\t\t\t\t\t\t\t<img decoding=\"async\" width=\"1024\" height=\"1024\" src=\"https:\/\/scrfiltre.com\/wp-content\/uploads\/2020\/08\/scr-logo-y4-1024x1024.jpg\" class=\"attachment-large size-large wp-image-6706\" alt=\"\" srcset=\"https:\/\/scrfiltre.com\/wp-content\/uploads\/2020\/08\/scr-logo-y4-1024x1024.jpg 1024w, https:\/\/scrfiltre.com\/wp-content\/uploads\/2020\/08\/scr-logo-y4-300x300.jpg 300w, https:\/\/scrfiltre.com\/wp-content\/uploads\/2020\/08\/scr-logo-y4-150x150.jpg 150w, https:\/\/scrfiltre.com\/wp-content\/uploads\/2020\/08\/scr-logo-y4-768x768.jpg 768w, https:\/\/scrfiltre.com\/wp-content\/uploads\/2020\/08\/scr-logo-y4-1536x1536.jpg 1536w, https:\/\/scrfiltre.com\/wp-content\/uploads\/2020\/08\/scr-logo-y4.jpg 1600w\" sizes=\"(max-width: 1024px) 100vw, 1024px\" \/>\t\t\t\t\t\t\t\t\t\t\t\t\t\t\t<\/div>\n\t\t\t\t<\/div>\n\t\t\t\t<div class=\"elementor-element elementor-element-cb8e04a elementor-widget-mobile__width-auto elementor-widget elementor-widget-image\" data-id=\"cb8e04a\" data-element_type=\"widget\" data-widget_type=\"image.default\">\n\t\t\t\t<div class=\"elementor-widget-container\">\n\t\t\t\t\t\t\t\t\t\t\t\t\t\t\t<img loading=\"lazy\" decoding=\"async\" width=\"1024\" height=\"576\" src=\"https:\/\/scrfiltre.com\/wp-content\/uploads\/2020\/07\/calista-pissrme-1024x576.jpg\" class=\"attachment-large size-large wp-image-6646\" alt=\"\" srcset=\"https:\/\/scrfiltre.com\/wp-content\/uploads\/2020\/07\/calista-pissrme-1024x576.jpg 1024w, https:\/\/scrfiltre.com\/wp-content\/uploads\/2020\/07\/calista-pissrme-300x169.jpg 300w, https:\/\/scrfiltre.com\/wp-content\/uploads\/2020\/07\/calista-pissrme-768x432.jpg 768w, https:\/\/scrfiltre.com\/wp-content\/uploads\/2020\/07\/calista-pissrme-1536x864.jpg 1536w, https:\/\/scrfiltre.com\/wp-content\/uploads\/2020\/07\/calista-pissrme.jpg 1600w\" sizes=\"(max-width: 1024px) 100vw, 1024px\" \/>\t\t\t\t\t\t\t\t\t\t\t\t\t\t\t<\/div>\n\t\t\t\t<\/div>\n\t\t\t\t\t<\/div>\n\t\t<\/div>\n\t\t\t\t<div class=\"elementor-column elementor-col-50 elementor-inner-column elementor-element elementor-element-8fe7e55\" data-id=\"8fe7e55\" data-element_type=\"column\">\n\t\t\t<div class=\"elementor-widget-wrap elementor-element-populated\">\n\t\t\t\t\t\t<div class=\"elementor-element elementor-element-9b69527 elementor-widget elementor-widget-image\" data-id=\"9b69527\" data-element_type=\"widget\" data-widget_type=\"image.default\">\n\t\t\t\t<div class=\"elementor-widget-container\">\n\t\t\t\t\t\t\t\t\t\t\t\t\t\t\t<img loading=\"lazy\" decoding=\"async\" width=\"300\" height=\"199\" src=\"https:\/\/scrfiltre.com\/wp-content\/uploads\/2020\/06\/screco-sscf-300x199.png\" class=\"attachment-medium size-medium wp-image-6534\" alt=\"\" srcset=\"https:\/\/scrfiltre.com\/wp-content\/uploads\/2020\/06\/screco-sscf-300x199.png 300w, https:\/\/scrfiltre.com\/wp-content\/uploads\/2020\/06\/screco-sscf-768x509.png 768w, https:\/\/scrfiltre.com\/wp-content\/uploads\/2020\/06\/screco-sscf.png 800w\" sizes=\"(max-width: 300px) 100vw, 300px\" \/>\t\t\t\t\t\t\t\t\t\t\t\t\t\t\t<\/div>\n\t\t\t\t<\/div>\n\t\t\t\t\t<\/div>\n\t\t<\/div>\n\t\t\t\t\t<\/div>\n\t\t<\/section>\n\t\t\t\t<section class=\"elementor-section elementor-inner-section elementor-element elementor-element-640d23a elementor-section-boxed elementor-section-height-default elementor-section-height-default\" data-id=\"640d23a\" data-element_type=\"section\">\n\t\t\t\t\t\t<div class=\"elementor-container elementor-column-gap-default\">\n\t\t\t\t\t<div class=\"elementor-column elementor-col-100 elementor-inner-column elementor-element elementor-element-06d1b40\" data-id=\"06d1b40\" data-element_type=\"column\">\n\t\t\t<div class=\"elementor-widget-wrap elementor-element-populated\">\n\t\t\t\t\t\t<div class=\"elementor-element elementor-element-34d624a elementor-widget elementor-widget-text-editor\" data-id=\"34d624a\" data-element_type=\"widget\" data-widget_type=\"text-editor.default\">\n\t\t\t\t<div class=\"elementor-widget-container\">\n\t\t\t\t\t\t\t\t\t<p>\u00dcniteler kolayca s\u0131ral\u0131 olarak &#8211; \u00fcst \u00fcste veya arka arkaya &#8211; monte edilebilir, bu da size bireysel ihtiya\u00e7lar\u0131n\u0131za g\u00f6re en etkili filtre kombinasyonunu kurma olas\u0131l\u0131\u011f\u0131n\u0131 verir. SCRF i\u00e7in se\u00e7enekler, entegre \u00f6n ve son filtreler, ya\u011f tahliye cihaz\u0131 ve uzaktan kumanda ile ilgilidir. Ayr\u0131ca, koku filtre sistemi SCRF, ESP&#8217;nin arkas\u0131na sorunsuz bir \u015fekilde monte edilebilir.<\/p><p>Mod\u00fcler filtreler kanal tipi \u00fcnitelerdir. Mod\u00fcller standart ayn\u0131 \u00f6l\u00e7\u00fclerdedir.Mod\u00fcl i\u00e7eriklerinden baz\u0131lar\u0131 a\u015fa\u011f\u0131daki gibidir.<\/p>\t\t\t\t\t\t\t\t<\/div>\n\t\t\t\t<\/div>\n\t\t\t\t\t<\/div>\n\t\t<\/div>\n\t\t\t\t\t<\/div>\n\t\t<\/section>\n\t\t\t\t<div class=\"elementor-element elementor-element-793afe8 elementor-widget elementor-widget-image\" data-id=\"793afe8\" data-element_type=\"widget\" data-widget_type=\"image.default\">\n\t\t\t\t<div class=\"elementor-widget-container\">\n\t\t\t\t\t\t\t\t\t\t\t\t\t\t\t<img loading=\"lazy\" decoding=\"async\" width=\"1022\" height=\"676\" src=\"https:\/\/scrfiltre.com\/wp-content\/uploads\/2020\/08\/scrf-aktifkarbon.png\" class=\"attachment-full size-full wp-image-6754\" alt=\"\" srcset=\"https:\/\/scrfiltre.com\/wp-content\/uploads\/2020\/08\/scrf-aktifkarbon.png 1022w, https:\/\/scrfiltre.com\/wp-content\/uploads\/2020\/08\/scrf-aktifkarbon-300x198.png 300w, https:\/\/scrfiltre.com\/wp-content\/uploads\/2020\/08\/scrf-aktifkarbon-768x508.png 768w\" sizes=\"(max-width: 1022px) 100vw, 1022px\" \/>\t\t\t\t\t\t\t\t\t\t\t\t\t\t\t<\/div>\n\t\t\t\t<\/div>\n\t\t\t\t\t<\/div>\n\t\t<\/div>\n\t\t\t\t\t<\/div>\n\t\t<\/section>\n\t\t\t\t<\/div>\n\t\t","protected":false},"excerpt":{"rendered":"<p>SCRECO Mod\u00fcler 2500 SCRECO Mod\u00fcler 2500 \u00dcniteler kolayca s\u0131ral\u0131 olarak &#8211; \u00fcst \u00fcste veya arka arkaya &#8211; monte edilebilir, bu da size bireysel ihtiya\u00e7lar\u0131n\u0131za g\u00f6re en etkili filtre kombinasyonunu kurma olas\u0131l\u0131\u011f\u0131n\u0131 verir. SCRF i\u00e7in se\u00e7enekler, entegre \u00f6n ve son filtreler, ya\u011f tahliye cihaz\u0131 ve uzaktan kumanda ile ilgilidir. Ayr\u0131ca, koku filtre sistemi SCRF, ESP&#8217;nin arkas\u0131na [&hellip;]<\/p>\n","protected":false},"author":1,"featured_media":0,"parent":0,"menu_order":0,"comment_status":"closed","ping_status":"closed","template":"template\/template-woo.php","meta":{"footnotes":""},"class_list":["post-6088","page","type-page","status-publish","hentry"],"yoast_head":"<!-- This site is optimized with the Yoast SEO plugin v24.2 - https:\/\/yoast.com\/wordpress\/plugins\/seo\/ -->\n<title>SCRECO Mod\u00fcler 2500 &#187; SCR Filtre<\/title>\n<meta name=\"robots\" content=\"index, follow, max-snippet:-1, max-image-preview:large, max-video-preview:-1\" \/>\n<link rel=\"canonical\" href=\"https:\/\/scrfiltre.com\/tr\/screco-moduler-2500\/\" \/>\n<meta property=\"og:locale\" content=\"tr_TR\" \/>\n<meta property=\"og:type\" content=\"article\" \/>\n<meta property=\"og:title\" content=\"SCRECO Mod\u00fcler 2500 &#187; SCR Filtre\" \/>\n<meta property=\"og:description\" content=\"SCRECO Mod\u00fcler 2500 SCRECO Mod\u00fcler 2500 \u00dcniteler kolayca s\u0131ral\u0131 olarak &#8211; \u00fcst \u00fcste veya arka arkaya &#8211; monte edilebilir, bu da size bireysel ihtiya\u00e7lar\u0131n\u0131za g\u00f6re en etkili filtre kombinasyonunu kurma olas\u0131l\u0131\u011f\u0131n\u0131 verir. SCRF i\u00e7in se\u00e7enekler, entegre \u00f6n ve son filtreler, ya\u011f tahliye cihaz\u0131 ve uzaktan kumanda ile ilgilidir. Ayr\u0131ca, koku filtre sistemi SCRF, ESP&#8217;nin arkas\u0131na [&hellip;]\" \/>\n<meta property=\"og:url\" content=\"https:\/\/scrfiltre.com\/tr\/screco-moduler-2500\/\" \/>\n<meta property=\"og:site_name\" content=\"SCR Filtre\" \/>\n<meta property=\"article:modified_time\" content=\"2020-08-18T12:50:30+00:00\" \/>\n<meta property=\"og:image\" content=\"https:\/\/scrfiltre.com\/wp-content\/uploads\/2020\/08\/scr-logo-y2-1024x1024.jpg\" \/>\n<meta name=\"twitter:card\" content=\"summary_large_image\" \/>\n<script type=\"application\/ld+json\" class=\"yoast-schema-graph\">{\"@context\":\"https:\/\/schema.org\",\"@graph\":[{\"@type\":\"WebPage\",\"@id\":\"https:\/\/scrfiltre.com\/tr\/screco-moduler-2500\/\",\"url\":\"https:\/\/scrfiltre.com\/tr\/screco-moduler-2500\/\",\"name\":\"SCRECO Mod\u00fcler 2500 &#187; SCR Filtre\",\"isPartOf\":{\"@id\":\"https:\/\/scrfiltre.com\/#website\"},\"primaryImageOfPage\":{\"@id\":\"https:\/\/scrfiltre.com\/tr\/screco-moduler-2500\/#primaryimage\"},\"image\":{\"@id\":\"https:\/\/scrfiltre.com\/tr\/screco-moduler-2500\/#primaryimage\"},\"thumbnailUrl\":\"https:\/\/scrfiltre.com\/wp-content\/uploads\/2020\/08\/scr-logo-y2-1024x1024.jpg\",\"datePublished\":\"2020-06-09T10:10:44+00:00\",\"dateModified\":\"2020-08-18T12:50:30+00:00\",\"breadcrumb\":{\"@id\":\"https:\/\/scrfiltre.com\/tr\/screco-moduler-2500\/#breadcrumb\"},\"inLanguage\":\"tr\",\"potentialAction\":[{\"@type\":\"ReadAction\",\"target\":[\"https:\/\/scrfiltre.com\/tr\/screco-moduler-2500\/\"]}]},{\"@type\":\"ImageObject\",\"inLanguage\":\"tr\",\"@id\":\"https:\/\/scrfiltre.com\/tr\/screco-moduler-2500\/#primaryimage\",\"url\":\"https:\/\/scrfiltre.com\/wp-content\/uploads\/2020\/08\/scr-logo-y2-1024x1024.jpg\",\"contentUrl\":\"https:\/\/scrfiltre.com\/wp-content\/uploads\/2020\/08\/scr-logo-y2-1024x1024.jpg\"},{\"@type\":\"BreadcrumbList\",\"@id\":\"https:\/\/scrfiltre.com\/tr\/screco-moduler-2500\/#breadcrumb\",\"itemListElement\":[{\"@type\":\"ListItem\",\"position\":1,\"name\":\"Ana sayfa\",\"item\":\"https:\/\/scrfiltre.com\/tr\/\"},{\"@type\":\"ListItem\",\"position\":2,\"name\":\"SCRECO Mod\u00fcler 2500\"}]},{\"@type\":\"WebSite\",\"@id\":\"https:\/\/scrfiltre.com\/#website\",\"url\":\"https:\/\/scrfiltre.com\/\",\"name\":\"SCR Filtre\",\"description\":\"Elektrostatik Filtre\",\"publisher\":{\"@id\":\"https:\/\/scrfiltre.com\/#organization\"},\"potentialAction\":[{\"@type\":\"SearchAction\",\"target\":{\"@type\":\"EntryPoint\",\"urlTemplate\":\"https:\/\/scrfiltre.com\/?s={search_term_string}\"},\"query-input\":{\"@type\":\"PropertyValueSpecification\",\"valueRequired\":true,\"valueName\":\"search_term_string\"}}],\"inLanguage\":\"tr\"},{\"@type\":\"Organization\",\"@id\":\"https:\/\/scrfiltre.com\/#organization\",\"name\":\"SCR Filtre\",\"url\":\"https:\/\/scrfiltre.com\/\",\"logo\":{\"@type\":\"ImageObject\",\"inLanguage\":\"tr\",\"@id\":\"https:\/\/scrfiltre.com\/#\/schema\/logo\/image\/\",\"url\":\"https:\/\/scrfiltre.com\/wp-content\/uploads\/2020\/06\/icon.png\",\"contentUrl\":\"https:\/\/scrfiltre.com\/wp-content\/uploads\/2020\/06\/icon.png\",\"width\":512,\"height\":512,\"caption\":\"SCR Filtre\"},\"image\":{\"@id\":\"https:\/\/scrfiltre.com\/#\/schema\/logo\/image\/\"}}]}<\/script>\n<!-- \/ Yoast SEO plugin. -->","yoast_head_json":{"title":"SCRECO Mod\u00fcler 2500 &#187; SCR Filtre","robots":{"index":"index","follow":"follow","max-snippet":"max-snippet:-1","max-image-preview":"max-image-preview:large","max-video-preview":"max-video-preview:-1"},"canonical":"https:\/\/scrfiltre.com\/tr\/screco-moduler-2500\/","og_locale":"tr_TR","og_type":"article","og_title":"SCRECO Mod\u00fcler 2500 &#187; SCR Filtre","og_description":"SCRECO Mod\u00fcler 2500 SCRECO Mod\u00fcler 2500 \u00dcniteler kolayca s\u0131ral\u0131 olarak &#8211; \u00fcst \u00fcste veya arka arkaya &#8211; monte edilebilir, bu da size bireysel ihtiya\u00e7lar\u0131n\u0131za g\u00f6re en etkili filtre kombinasyonunu kurma olas\u0131l\u0131\u011f\u0131n\u0131 verir. SCRF i\u00e7in se\u00e7enekler, entegre \u00f6n ve son filtreler, ya\u011f tahliye cihaz\u0131 ve uzaktan kumanda ile ilgilidir. Ayr\u0131ca, koku filtre sistemi SCRF, ESP&#8217;nin arkas\u0131na [&hellip;]","og_url":"https:\/\/scrfiltre.com\/tr\/screco-moduler-2500\/","og_site_name":"SCR Filtre","article_modified_time":"2020-08-18T12:50:30+00:00","og_image":[{"url":"https:\/\/scrfiltre.com\/wp-content\/uploads\/2020\/08\/scr-logo-y2-1024x1024.jpg","type":"","width":"","height":""}],"twitter_card":"summary_large_image","schema":{"@context":"https:\/\/schema.org","@graph":[{"@type":"WebPage","@id":"https:\/\/scrfiltre.com\/tr\/screco-moduler-2500\/","url":"https:\/\/scrfiltre.com\/tr\/screco-moduler-2500\/","name":"SCRECO Mod\u00fcler 2500 &#187; SCR Filtre","isPartOf":{"@id":"https:\/\/scrfiltre.com\/#website"},"primaryImageOfPage":{"@id":"https:\/\/scrfiltre.com\/tr\/screco-moduler-2500\/#primaryimage"},"image":{"@id":"https:\/\/scrfiltre.com\/tr\/screco-moduler-2500\/#primaryimage"},"thumbnailUrl":"https:\/\/scrfiltre.com\/wp-content\/uploads\/2020\/08\/scr-logo-y2-1024x1024.jpg","datePublished":"2020-06-09T10:10:44+00:00","dateModified":"2020-08-18T12:50:30+00:00","breadcrumb":{"@id":"https:\/\/scrfiltre.com\/tr\/screco-moduler-2500\/#breadcrumb"},"inLanguage":"tr","potentialAction":[{"@type":"ReadAction","target":["https:\/\/scrfiltre.com\/tr\/screco-moduler-2500\/"]}]},{"@type":"ImageObject","inLanguage":"tr","@id":"https:\/\/scrfiltre.com\/tr\/screco-moduler-2500\/#primaryimage","url":"https:\/\/scrfiltre.com\/wp-content\/uploads\/2020\/08\/scr-logo-y2-1024x1024.jpg","contentUrl":"https:\/\/scrfiltre.com\/wp-content\/uploads\/2020\/08\/scr-logo-y2-1024x1024.jpg"},{"@type":"BreadcrumbList","@id":"https:\/\/scrfiltre.com\/tr\/screco-moduler-2500\/#breadcrumb","itemListElement":[{"@type":"ListItem","position":1,"name":"Ana sayfa","item":"https:\/\/scrfiltre.com\/tr\/"},{"@type":"ListItem","position":2,"name":"SCRECO Mod\u00fcler 2500"}]},{"@type":"WebSite","@id":"https:\/\/scrfiltre.com\/#website","url":"https:\/\/scrfiltre.com\/","name":"SCR Filtre","description":"Elektrostatik Filtre","publisher":{"@id":"https:\/\/scrfiltre.com\/#organization"},"potentialAction":[{"@type":"SearchAction","target":{"@type":"EntryPoint","urlTemplate":"https:\/\/scrfiltre.com\/?s={search_term_string}"},"query-input":{"@type":"PropertyValueSpecification","valueRequired":true,"valueName":"search_term_string"}}],"inLanguage":"tr"},{"@type":"Organization","@id":"https:\/\/scrfiltre.com\/#organization","name":"SCR Filtre","url":"https:\/\/scrfiltre.com\/","logo":{"@type":"ImageObject","inLanguage":"tr","@id":"https:\/\/scrfiltre.com\/#\/schema\/logo\/image\/","url":"https:\/\/scrfiltre.com\/wp-content\/uploads\/2020\/06\/icon.png","contentUrl":"https:\/\/scrfiltre.com\/wp-content\/uploads\/2020\/06\/icon.png","width":512,"height":512,"caption":"SCR Filtre"},"image":{"@id":"https:\/\/scrfiltre.com\/#\/schema\/logo\/image\/"}}]}},"_links":{"self":[{"href":"https:\/\/scrfiltre.com\/tr\/wp-json\/wp\/v2\/pages\/6088"}],"collection":[{"href":"https:\/\/scrfiltre.com\/tr\/wp-json\/wp\/v2\/pages"}],"about":[{"href":"https:\/\/scrfiltre.com\/tr\/wp-json\/wp\/v2\/types\/page"}],"author":[{"embeddable":true,"href":"https:\/\/scrfiltre.com\/tr\/wp-json\/wp\/v2\/users\/1"}],"replies":[{"embeddable":true,"href":"https:\/\/scrfiltre.com\/tr\/wp-json\/wp\/v2\/comments?post=6088"}],"version-history":[{"count":28,"href":"https:\/\/scrfiltre.com\/tr\/wp-json\/wp\/v2\/pages\/6088\/revisions"}],"predecessor-version":[{"id":6757,"href":"https:\/\/scrfiltre.com\/tr\/wp-json\/wp\/v2\/pages\/6088\/revisions\/6757"}],"wp:attachment":[{"href":"https:\/\/scrfiltre.com\/tr\/wp-json\/wp\/v2\/media?parent=6088"}],"curies":[{"name":"wp","href":"https:\/\/api.w.org\/{rel}","templated":true}]}}