{"id":6029,"date":"2020-06-09T11:35:32","date_gmt":"2020-06-09T08:35:32","guid":{"rendered":"https:\/\/scrfiltre.com\/?page_id=6029"},"modified":"2020-09-01T12:50:40","modified_gmt":"2020-09-01T09:50:40","slug":"covid19","status":"publish","type":"page","link":"https:\/\/scrfiltre.com\/tr\/covid19\/","title":{"rendered":"Covid19"},"content":{"rendered":"\t\t<div data-elementor-type=\"wp-page\" data-elementor-id=\"6029\" class=\"elementor elementor-6029\">\n\t\t\t\t\t\t<section class=\"elementor-section elementor-top-section elementor-element elementor-element-310cea1 elementor-section-boxed elementor-section-height-default elementor-section-height-default\" data-id=\"310cea1\" data-element_type=\"section\">\n\t\t\t\t\t\t<div class=\"elementor-container elementor-column-gap-default\">\n\t\t\t\t\t<div class=\"elementor-column elementor-col-100 elementor-top-column elementor-element elementor-element-096ceff\" data-id=\"096ceff\" data-element_type=\"column\">\n\t\t\t<div class=\"elementor-widget-wrap elementor-element-populated\">\n\t\t\t\t\t\t<div class=\"elementor-element elementor-element-7af0248 elementor-widget elementor-widget-html\" data-id=\"7af0248\" data-element_type=\"widget\" data-widget_type=\"html.default\">\n\t\t\t\t<div class=\"elementor-widget-container\">\n\t\t\t\t\t<style>\n    .mk-filter-item{\n        color: #156A31 !important;\n    }\n    .mk-filter-item:hover{\n        color: #000 !important;\n        transition: color .5s;\n    }\n    .mk-filter-activated{\n        color: #000;\n        border: 1px solid rgba(21, 106, 49, 0.12);\n        padding: .5rem;\n        border-radius: .6rem;\n        background-color: rgba(21, 106, 49, 0.12);\n    }\n    .elementor-clearfix p{\n        margin: 0 !important;\n    }\n    .woo-xs-content{\n        padding: 0;\n    }\n<\/style>\t\t\t\t<\/div>\n\t\t\t\t<\/div>\n\t\t\t\t\t<\/div>\n\t\t<\/div>\n\t\t\t\t\t<\/div>\n\t\t<\/section>\n\t\t\t\t<section class=\"elementor-section elementor-top-section elementor-element elementor-element-0756ae1 elementor-section-stretched elementor-section-full_width elementor-section-height-default elementor-section-height-default\" data-id=\"0756ae1\" data-element_type=\"section\" data-settings=\"{&quot;stretch_section&quot;:&quot;section-stretched&quot;}\">\n\t\t\t\t\t\t<div class=\"elementor-container elementor-column-gap-no\">\n\t\t\t\t\t<div class=\"elementor-column elementor-col-100 elementor-top-column elementor-element elementor-element-4469aaa\" data-id=\"4469aaa\" data-element_type=\"column\">\n\t\t\t<div class=\"elementor-widget-wrap elementor-element-populated\">\n\t\t\t\t\t\t<section class=\"elementor-section elementor-inner-section elementor-element elementor-element-4b8afa8 elementor-section-boxed elementor-section-height-default elementor-section-height-default\" data-id=\"4b8afa8\" data-element_type=\"section\">\n\t\t\t\t\t\t<div class=\"elementor-container elementor-column-gap-default\">\n\t\t\t\t\t<div class=\"elementor-column elementor-col-100 elementor-inner-column elementor-element elementor-element-88d8e40\" data-id=\"88d8e40\" data-element_type=\"column\">\n\t\t\t<div class=\"elementor-widget-wrap elementor-element-populated\">\n\t\t\t\t\t\t<div class=\"elementor-element elementor-element-06be458 elementor-widget elementor-widget-elementskit-heading\" data-id=\"06be458\" data-element_type=\"widget\" data-widget_type=\"elementskit-heading.default\">\n\t\t\t\t<div class=\"elementor-widget-container\">\n\t\t\t\t\t<div class=\"ekit-wid-con\" ><div class=\"ekit-heading elementskit-section-title-wraper text_left   ekit_heading_tablet-   ekit_heading_mobile-\"><h2 class=\"ekit-heading--title elementskit-section-title \">COVID-19'a Kar\u015f\u0131 Hava Temizleyiciler <\/h2><div class=\"ekit_heading_separetor_wraper ekit_heading_elementskit-border-divider ekit-dotted\"><div class=\"elementskit-border-divider ekit-dotted\"><\/div><\/div><\/div><\/div>\t\t\t\t<\/div>\n\t\t\t\t<\/div>\n\t\t\t\t<div class=\"elementor-element elementor-element-d9dbc4a elementor-widget elementor-widget-text-editor\" data-id=\"d9dbc4a\" data-element_type=\"widget\" data-widget_type=\"text-editor.default\">\n\t\t\t\t<div class=\"elementor-widget-container\">\n\t\t\t\t\t\t\t\t\t<p>TES\u0130SATTA CORONA V\u0130R\u00dcS SALGINI \u0130\u00c7\u0130N ALINAB\u0130LECEK \u00d6NLEMLER<\/p>\t\t\t\t\t\t\t\t<\/div>\n\t\t\t\t<\/div>\n\t\t\t\t\t<\/div>\n\t\t<\/div>\n\t\t\t\t\t<\/div>\n\t\t<\/section>\n\t\t\t\t\t<\/div>\n\t\t<\/div>\n\t\t\t\t\t<\/div>\n\t\t<\/section>\n\t\t\t\t<section class=\"elementor-section elementor-top-section elementor-element elementor-element-122eecc elementor-section-boxed elementor-section-height-default elementor-section-height-default\" data-id=\"122eecc\" data-element_type=\"section\">\n\t\t\t\t\t\t<div class=\"elementor-container elementor-column-gap-default\">\n\t\t\t\t\t<div class=\"elementor-column elementor-col-100 elementor-top-column elementor-element elementor-element-b613f74\" data-id=\"b613f74\" data-element_type=\"column\">\n\t\t\t<div class=\"elementor-widget-wrap elementor-element-populated\">\n\t\t\t\t\t\t<div class=\"elementor-element elementor-element-362a6e8 elementor-widget elementor-widget-text-editor\" data-id=\"362a6e8\" data-element_type=\"widget\" data-widget_type=\"text-editor.default\">\n\t\t\t\t<div class=\"elementor-widget-container\">\n\t\t\t\t\t\t\t\t\t<p>Vir\u00fcs\u00fcn ge\u00e7i\u015f yollar\u0131:<br>1. Konu\u015fma, \u00f6ks\u00fcr\u00fck ve hap\u015f\u0131rma ile olu\u015fan b\u00fcy\u00fck damlac\u0131klar\u0131n yak\u0131n temasta do\u011frudan<br>solunmas\u0131<br>2. Konu\u015fma, \u00f6ks\u00fcr\u00fck ve hap\u015f\u0131rma ile olu\u015fan b\u00fcy\u00fck damlac\u0131klar\u0131n d\u00fc\u015ferek y\u00fczeylere<br>yap\u0131\u015fmas\u0131, bu y\u00fczeylere elle temas ve ellerin y\u00fcze (a\u011f\u0131z, burun, g\u00f6z) s\u00fcr\u00fclmesi<br>3. Konu\u015fma, \u00f6ks\u00fcr\u00fck ve hap\u015f\u0131rma ile olu\u015fan k\u00fc\u00e7\u00fck taneciklerin hava hareketleri ve<br>ak\u0131mlar\u0131yla uzaklara ta\u015f\u0131nmas\u0131 ve bu havan\u0131n solunmas\u0131<br>4. Tuvaletlerden ve pis su tesisat\u0131ndan kaynaklanan par\u00e7ac\u0131klar\u0131n solunumu veya temasla<br>y\u00fcze ta\u015f\u0131nmas\u0131<br>Vir\u00fcs yay\u0131lmas\u0131na kar\u015f\u0131 havaland\u0131rma sisteminde ve binada al\u0131nabilecek \u00f6nlemler:<br>Havaland\u0131rma havas\u0131 miktar\u0131n\u0131 art\u0131r\u0131n:<br>1. Havaland\u0131rma sistemi ba\u015flat\u0131lmas\u0131n\u0131 birka\u00e7 saat \u00f6ne ve kapat\u0131lmas\u0131n\u0131 birka\u00e7 saat ileriye<br>al\u0131n. En iyi \u00e7\u00f6z\u00fcm kriz d\u00f6neminde sistemi 24\/7 \u00e7al\u0131\u015ft\u0131r\u0131n.<br>2. Taze hava miktar\u0131n\u0131 m\u00fcmk\u00fcn oldu\u011fu kadar art\u0131r\u0131n.<br>3. M\u00fcmk\u00fcnse %100 d\u0131\u015f hava ile \u00e7al\u0131\u015f\u0131n.<br>4. Tuvalet egzozlar\u0131n\u0131 24\/7 \u00e7al\u0131\u015ft\u0131r\u0131n, tuvaletlerden ve giderlerden kaynaklanan par\u00e7ac\u0131klar\u0131n<br>y\u00fcze ula\u015fmas\u0131n\u0131 engelleyin ve \u00e7evreye g\u00f6re tuvaletlerde d\u00fc\u015f\u00fck bas\u0131n\u00e7 yarat\u0131n.<br>Pencere havaland\u0131rmas\u0131n\u0131 kullan\u0131n:<br>1. Mekanik havaland\u0131rma sistemi olmayan binalarda a\u00e7\u0131labilen pencereleri aktif olarak<br>kullan\u0131n.<br>2. Odaya ilk girdi\u011finizde pencereleri en az 15 dakika a\u00e7\u0131n.<br>3. Mekanik havaland\u0131rma olan binalarda bile, m\u00fcmk\u00fcnse pencere havaland\u0131rmas\u0131yla<br>yap\u0131lacak takviye yararl\u0131d\u0131r.<br>4. Varsa tuvaletlerin pencerelerini kesinlikle havaland\u0131rma amac\u0131yla a\u00e7may\u0131n.<br>Havaland\u0131rma tesisat\u0131ndaki \u0131s\u0131 geri kazan\u0131m sistemlerinin kullan\u0131lmas\u0131:<br>1. D\u00f6ner tip (Rotary) \u0131s\u0131 geri kazan\u0131m sistemleri ge\u00e7ici olarak devre d\u0131\u015f\u0131 b\u0131rak\u0131lmal\u0131d\u0131r.<br>2. Besleme ve egzoz havas\u0131n\u0131 %100 ay\u0131ran (serpantinli veya levhal\u0131) sabit tip e\u015fanj\u00f6rl\u00fc \u0131s\u0131 geri<br>kazan\u0131m sistemleri kullan\u0131lmaya devam edilebilir.<br>Geri d\u00f6n\u00fc\u015f havas\u0131 (resirk\u00fclasyon) kullan\u0131lmamal\u0131d\u0131r:<br>1. Geri d\u00f6n\u00fc\u015f havas\u0131 damperleri bina otomasyonundan veya elle kapat\u0131lmal\u0131d\u0131r.<br>2. E\u011fer geri d\u00f6n\u00fc\u015f havas\u0131 \u00fczerinde filtre varsa bile HEPA filtre olmad\u0131\u011f\u0131 s\u00fcrece filtre<br>yeterince etkili de\u011fildir. Damper kapat\u0131lmal\u0131d\u0131r.<br>3. Fan-coil veya split (veya VRV) i\u00e7 \u00fcnite gibi \u00fczerinde filtre olmas\u0131na ra\u011fmen tamamen i\u00e7<br>hava ile \u00e7al\u0131\u015fan ekipman da kapat\u0131lmal\u0131d\u0131r. Oda i\u00e7inde yarat\u0131lan sirk\u00fclasyon taneciklerin<br>yeniden havaya kar\u0131\u015fmas\u0131na neden olur.<br>4. Bu ekipman\u0131 kapatmak m\u00fcmk\u00fcn olmuyorsa temizlik kampanyas\u0131na d\u00e2hil edilmelidir.<br>Havaland\u0131rma kanallar\u0131n\u0131n ola\u011fan d\u0131\u015f\u0131 temizli\u011finin vir\u00fcs\u00fcn tutulmas\u0131nda pratik bir<br>yarar\u0131 yoktur.<br>D\u0131\u015f hava filtrelerinin normal d\u0131\u015f\u0131 de\u011fi\u015ftirilmesinin gere\u011fi yoktur.<br>Hava Temizleyicileri:<br>1. Oda hava temizleyicileri \u00f6zel durumlarda faydal\u0131 olabilir:<br>2. Oda hava temizleyicileri HEPA filtre kullan\u0131lmas\u0131 halinde havaland\u0131rma kadar etkindir.<br>Vir\u00fcs\u00fc yakalayabilir.<br>3.<b> Elektrostatik filtreli hava temizleyiciler de genellikle gayet iyidir.<\/b><br>4. Oda havas\u0131 temizleyicileri odada m\u00fcmk\u00fcn oldu\u011funca ki\u015filerin nefes alma b\u00f6lgesine yak\u0131n<br>yerle\u015ftirilmelidir.<br>Klozet kapaklar\u0131 y\u0131kama s\u0131ras\u0131nda kapal\u0131 tutulmal\u0131d\u0131r.<br>Pis su giderlerindeki sifonlar\u0131n (s\u0131zd\u0131rmazl\u0131\u011f\u0131n) daima su ile dolu olmas\u0131, kurumamas\u0131 gerekir.<br>Fan-coil yo\u011fu\u015fma tavalar\u0131ndaki sifonlar\u0131n daima su ile dolu olmas\u0131, kurumamas\u0131 gerekir.<br>TTMD\u2019nin \u00fcyesi oldu\u011fu <b>REHVA <\/b>taraf\u0131ndan haz\u0131rlanan COVID-19 K\u0131lavuz Belgesinden<br>yararlan\u0131larak, Derne\u011fimiz \u00dcyesi Prof. Dr. Ahmet ARISOY taraf\u0131ndan 18 Mart 2020<br>tarihinde haz\u0131rlanm\u0131\u015ft\u0131r.<\/p>\t\t\t\t\t\t\t\t<\/div>\n\t\t\t\t<\/div>\n\t\t\t\t\t<\/div>\n\t\t<\/div>\n\t\t\t\t\t<\/div>\n\t\t<\/section>\n\t\t\t\t<\/div>\n\t\t","protected":false},"excerpt":{"rendered":"<p>COVID-19&#8217;a Kar\u015f\u0131 Hava Temizleyiciler TES\u0130SATTA CORONA V\u0130R\u00dcS SALGINI \u0130\u00c7\u0130N ALINAB\u0130LECEK \u00d6NLEMLER Vir\u00fcs\u00fcn ge\u00e7i\u015f yollar\u0131: 1. Konu\u015fma, \u00f6ks\u00fcr\u00fck ve hap\u015f\u0131rma ile olu\u015fan b\u00fcy\u00fck damlac\u0131klar\u0131n yak\u0131n temasta do\u011frudan solunmas\u0131 2. Konu\u015fma, \u00f6ks\u00fcr\u00fck ve hap\u015f\u0131rma ile olu\u015fan b\u00fcy\u00fck damlac\u0131klar\u0131n d\u00fc\u015ferek y\u00fczeylere yap\u0131\u015fmas\u0131, bu y\u00fczeylere elle temas ve ellerin y\u00fcze (a\u011f\u0131z, burun, g\u00f6z) s\u00fcr\u00fclmesi 3. Konu\u015fma, \u00f6ks\u00fcr\u00fck ve hap\u015f\u0131rma [&hellip;]<\/p>\n","protected":false},"author":1,"featured_media":0,"parent":0,"menu_order":0,"comment_status":"closed","ping_status":"closed","template":"template\/template-woo.php","meta":{"footnotes":""},"class_list":["post-6029","page","type-page","status-publish","hentry"],"yoast_head":"<!-- This site is optimized with the Yoast SEO plugin v24.2 - https:\/\/yoast.com\/wordpress\/plugins\/seo\/ -->\n<title>Covid19 &#187; SCR Filtre<\/title>\n<meta name=\"robots\" content=\"index, follow, max-snippet:-1, max-image-preview:large, max-video-preview:-1\" \/>\n<link rel=\"canonical\" href=\"https:\/\/scrfiltre.com\/tr\/covid19\/\" \/>\n<meta property=\"og:locale\" content=\"tr_TR\" \/>\n<meta property=\"og:type\" content=\"article\" \/>\n<meta property=\"og:title\" content=\"Covid19 &#187; SCR Filtre\" \/>\n<meta property=\"og:description\" content=\"COVID-19&#8217;a Kar\u015f\u0131 Hava Temizleyiciler TES\u0130SATTA CORONA V\u0130R\u00dcS SALGINI \u0130\u00c7\u0130N ALINAB\u0130LECEK \u00d6NLEMLER Vir\u00fcs\u00fcn ge\u00e7i\u015f yollar\u0131: 1. Konu\u015fma, \u00f6ks\u00fcr\u00fck ve hap\u015f\u0131rma ile olu\u015fan b\u00fcy\u00fck damlac\u0131klar\u0131n yak\u0131n temasta do\u011frudan solunmas\u0131 2. Konu\u015fma, \u00f6ks\u00fcr\u00fck ve hap\u015f\u0131rma ile olu\u015fan b\u00fcy\u00fck damlac\u0131klar\u0131n d\u00fc\u015ferek y\u00fczeylere yap\u0131\u015fmas\u0131, bu y\u00fczeylere elle temas ve ellerin y\u00fcze (a\u011f\u0131z, burun, g\u00f6z) s\u00fcr\u00fclmesi 3. Konu\u015fma, \u00f6ks\u00fcr\u00fck ve hap\u015f\u0131rma [&hellip;]\" \/>\n<meta property=\"og:url\" content=\"https:\/\/scrfiltre.com\/tr\/covid19\/\" \/>\n<meta property=\"og:site_name\" content=\"SCR Filtre\" \/>\n<meta property=\"article:modified_time\" content=\"2020-09-01T09:50:40+00:00\" \/>\n<meta name=\"twitter:card\" content=\"summary_large_image\" \/>\n<meta name=\"twitter:label1\" content=\"Tahmini okuma s\u00fcresi\" \/>\n\t<meta name=\"twitter:data1\" content=\"3 dakika\" \/>\n<script type=\"application\/ld+json\" class=\"yoast-schema-graph\">{\"@context\":\"https:\/\/schema.org\",\"@graph\":[{\"@type\":\"WebPage\",\"@id\":\"https:\/\/scrfiltre.com\/en\/covid19\/\",\"url\":\"https:\/\/scrfiltre.com\/en\/covid19\/\",\"name\":\"Covid19 &#187; SCR Filtre\",\"isPartOf\":{\"@id\":\"https:\/\/scrfiltre.com\/#website\"},\"datePublished\":\"2020-06-09T08:35:32+00:00\",\"dateModified\":\"2020-09-01T09:50:40+00:00\",\"breadcrumb\":{\"@id\":\"https:\/\/scrfiltre.com\/en\/covid19\/#breadcrumb\"},\"inLanguage\":\"tr\",\"potentialAction\":[{\"@type\":\"ReadAction\",\"target\":[\"https:\/\/scrfiltre.com\/en\/covid19\/\"]}]},{\"@type\":\"BreadcrumbList\",\"@id\":\"https:\/\/scrfiltre.com\/en\/covid19\/#breadcrumb\",\"itemListElement\":[{\"@type\":\"ListItem\",\"position\":1,\"name\":\"Ana sayfa\",\"item\":\"https:\/\/scrfiltre.com\/tr\/\"},{\"@type\":\"ListItem\",\"position\":2,\"name\":\"Covid19\"}]},{\"@type\":\"WebSite\",\"@id\":\"https:\/\/scrfiltre.com\/#website\",\"url\":\"https:\/\/scrfiltre.com\/\",\"name\":\"SCR Filtre\",\"description\":\"Elektrostatik Filtre\",\"publisher\":{\"@id\":\"https:\/\/scrfiltre.com\/#organization\"},\"potentialAction\":[{\"@type\":\"SearchAction\",\"target\":{\"@type\":\"EntryPoint\",\"urlTemplate\":\"https:\/\/scrfiltre.com\/?s={search_term_string}\"},\"query-input\":{\"@type\":\"PropertyValueSpecification\",\"valueRequired\":true,\"valueName\":\"search_term_string\"}}],\"inLanguage\":\"tr\"},{\"@type\":\"Organization\",\"@id\":\"https:\/\/scrfiltre.com\/#organization\",\"name\":\"SCR Filtre\",\"url\":\"https:\/\/scrfiltre.com\/\",\"logo\":{\"@type\":\"ImageObject\",\"inLanguage\":\"tr\",\"@id\":\"https:\/\/scrfiltre.com\/#\/schema\/logo\/image\/\",\"url\":\"https:\/\/scrfiltre.com\/wp-content\/uploads\/2020\/06\/icon.png\",\"contentUrl\":\"https:\/\/scrfiltre.com\/wp-content\/uploads\/2020\/06\/icon.png\",\"width\":512,\"height\":512,\"caption\":\"SCR Filtre\"},\"image\":{\"@id\":\"https:\/\/scrfiltre.com\/#\/schema\/logo\/image\/\"}}]}<\/script>\n<!-- \/ Yoast SEO plugin. -->","yoast_head_json":{"title":"Covid19 &#187; SCR Filtre","robots":{"index":"index","follow":"follow","max-snippet":"max-snippet:-1","max-image-preview":"max-image-preview:large","max-video-preview":"max-video-preview:-1"},"canonical":"https:\/\/scrfiltre.com\/tr\/covid19\/","og_locale":"tr_TR","og_type":"article","og_title":"Covid19 &#187; SCR Filtre","og_description":"COVID-19&#8217;a Kar\u015f\u0131 Hava Temizleyiciler TES\u0130SATTA CORONA V\u0130R\u00dcS SALGINI \u0130\u00c7\u0130N ALINAB\u0130LECEK \u00d6NLEMLER Vir\u00fcs\u00fcn ge\u00e7i\u015f yollar\u0131: 1. Konu\u015fma, \u00f6ks\u00fcr\u00fck ve hap\u015f\u0131rma ile olu\u015fan b\u00fcy\u00fck damlac\u0131klar\u0131n yak\u0131n temasta do\u011frudan solunmas\u0131 2. Konu\u015fma, \u00f6ks\u00fcr\u00fck ve hap\u015f\u0131rma ile olu\u015fan b\u00fcy\u00fck damlac\u0131klar\u0131n d\u00fc\u015ferek y\u00fczeylere yap\u0131\u015fmas\u0131, bu y\u00fczeylere elle temas ve ellerin y\u00fcze (a\u011f\u0131z, burun, g\u00f6z) s\u00fcr\u00fclmesi 3. Konu\u015fma, \u00f6ks\u00fcr\u00fck ve hap\u015f\u0131rma [&hellip;]","og_url":"https:\/\/scrfiltre.com\/tr\/covid19\/","og_site_name":"SCR Filtre","article_modified_time":"2020-09-01T09:50:40+00:00","twitter_card":"summary_large_image","twitter_misc":{"Tahmini okuma s\u00fcresi":"3 dakika"},"schema":{"@context":"https:\/\/schema.org","@graph":[{"@type":"WebPage","@id":"https:\/\/scrfiltre.com\/en\/covid19\/","url":"https:\/\/scrfiltre.com\/en\/covid19\/","name":"Covid19 &#187; SCR Filtre","isPartOf":{"@id":"https:\/\/scrfiltre.com\/#website"},"datePublished":"2020-06-09T08:35:32+00:00","dateModified":"2020-09-01T09:50:40+00:00","breadcrumb":{"@id":"https:\/\/scrfiltre.com\/en\/covid19\/#breadcrumb"},"inLanguage":"tr","potentialAction":[{"@type":"ReadAction","target":["https:\/\/scrfiltre.com\/en\/covid19\/"]}]},{"@type":"BreadcrumbList","@id":"https:\/\/scrfiltre.com\/en\/covid19\/#breadcrumb","itemListElement":[{"@type":"ListItem","position":1,"name":"Ana sayfa","item":"https:\/\/scrfiltre.com\/tr\/"},{"@type":"ListItem","position":2,"name":"Covid19"}]},{"@type":"WebSite","@id":"https:\/\/scrfiltre.com\/#website","url":"https:\/\/scrfiltre.com\/","name":"SCR Filtre","description":"Elektrostatik Filtre","publisher":{"@id":"https:\/\/scrfiltre.com\/#organization"},"potentialAction":[{"@type":"SearchAction","target":{"@type":"EntryPoint","urlTemplate":"https:\/\/scrfiltre.com\/?s={search_term_string}"},"query-input":{"@type":"PropertyValueSpecification","valueRequired":true,"valueName":"search_term_string"}}],"inLanguage":"tr"},{"@type":"Organization","@id":"https:\/\/scrfiltre.com\/#organization","name":"SCR Filtre","url":"https:\/\/scrfiltre.com\/","logo":{"@type":"ImageObject","inLanguage":"tr","@id":"https:\/\/scrfiltre.com\/#\/schema\/logo\/image\/","url":"https:\/\/scrfiltre.com\/wp-content\/uploads\/2020\/06\/icon.png","contentUrl":"https:\/\/scrfiltre.com\/wp-content\/uploads\/2020\/06\/icon.png","width":512,"height":512,"caption":"SCR Filtre"},"image":{"@id":"https:\/\/scrfiltre.com\/#\/schema\/logo\/image\/"}}]}},"_links":{"self":[{"href":"https:\/\/scrfiltre.com\/tr\/wp-json\/wp\/v2\/pages\/6029"}],"collection":[{"href":"https:\/\/scrfiltre.com\/tr\/wp-json\/wp\/v2\/pages"}],"about":[{"href":"https:\/\/scrfiltre.com\/tr\/wp-json\/wp\/v2\/types\/page"}],"author":[{"embeddable":true,"href":"https:\/\/scrfiltre.com\/tr\/wp-json\/wp\/v2\/users\/1"}],"replies":[{"embeddable":true,"href":"https:\/\/scrfiltre.com\/tr\/wp-json\/wp\/v2\/comments?post=6029"}],"version-history":[{"count":14,"href":"https:\/\/scrfiltre.com\/tr\/wp-json\/wp\/v2\/pages\/6029\/revisions"}],"predecessor-version":[{"id":6857,"href":"https:\/\/scrfiltre.com\/tr\/wp-json\/wp\/v2\/pages\/6029\/revisions\/6857"}],"wp:attachment":[{"href":"https:\/\/scrfiltre.com\/tr\/wp-json\/wp\/v2\/media?parent=6029"}],"curies":[{"name":"wp","href":"https:\/\/api.w.org\/{rel}","templated":true}]}}