{"id":6025,"date":"2020-06-09T11:34:33","date_gmt":"2020-06-09T08:34:33","guid":{"rendered":"https:\/\/scrfiltre.com\/?page_id=6025"},"modified":"2020-09-01T12:44:41","modified_gmt":"2020-09-01T09:44:41","slug":"calisma-prensibi","status":"publish","type":"page","link":"https:\/\/scrfiltre.com\/tr\/calisma-prensibi\/","title":{"rendered":"Elektrostatik Filtre \u00e7al\u0131\u015fma prensibi"},"content":{"rendered":"\t\t<div data-elementor-type=\"wp-page\" data-elementor-id=\"6025\" class=\"elementor elementor-6025\">\n\t\t\t\t\t\t<section class=\"elementor-section elementor-top-section elementor-element elementor-element-f42f219 elementor-section-boxed elementor-section-height-default elementor-section-height-default\" data-id=\"f42f219\" data-element_type=\"section\">\n\t\t\t\t\t\t<div class=\"elementor-container elementor-column-gap-default\">\n\t\t\t\t\t<div class=\"elementor-column elementor-col-100 elementor-top-column elementor-element elementor-element-22acb66\" data-id=\"22acb66\" data-element_type=\"column\">\n\t\t\t<div class=\"elementor-widget-wrap elementor-element-populated\">\n\t\t\t\t\t\t<div class=\"elementor-element elementor-element-26b3daf elementor-widget elementor-widget-html\" data-id=\"26b3daf\" data-element_type=\"widget\" data-widget_type=\"html.default\">\n\t\t\t\t<div class=\"elementor-widget-container\">\n\t\t\t\t\t<style>\n    .mk-filter-item{\n        color: #156A31 !important;\n    }\n    .mk-filter-item:hover{\n        color: #000 !important;\n        transition: color .5s;\n    }\n    .mk-filter-activated{\n        color: #000;\n        border: 1px solid rgba(21, 106, 49, 0.12);\n        padding: .5rem;\n        border-radius: .6rem;\n        background-color: rgba(21, 106, 49, 0.12);\n    }\n    .elementor-clearfix p{\n        margin: 0 !important;\n    }\n    .woo-xs-content{\n        padding: 0;\n    }\n<\/style>\t\t\t\t<\/div>\n\t\t\t\t<\/div>\n\t\t\t\t\t<\/div>\n\t\t<\/div>\n\t\t\t\t\t<\/div>\n\t\t<\/section>\n\t\t\t\t<section class=\"elementor-section elementor-top-section elementor-element elementor-element-dabec7b elementor-section-stretched elementor-section-full_width elementor-section-height-default elementor-section-height-default\" data-id=\"dabec7b\" data-element_type=\"section\" data-settings=\"{&quot;stretch_section&quot;:&quot;section-stretched&quot;}\">\n\t\t\t\t\t\t<div class=\"elementor-container elementor-column-gap-no\">\n\t\t\t\t\t<div class=\"elementor-column elementor-col-100 elementor-top-column elementor-element elementor-element-0d549be\" data-id=\"0d549be\" data-element_type=\"column\">\n\t\t\t<div class=\"elementor-widget-wrap elementor-element-populated\">\n\t\t\t\t\t\t<section class=\"elementor-section elementor-inner-section elementor-element elementor-element-e47e3a5 elementor-section-boxed elementor-section-height-default elementor-section-height-default\" data-id=\"e47e3a5\" data-element_type=\"section\">\n\t\t\t\t\t\t<div class=\"elementor-container elementor-column-gap-default\">\n\t\t\t\t\t<div class=\"elementor-column elementor-col-100 elementor-inner-column elementor-element elementor-element-e23ed34\" data-id=\"e23ed34\" data-element_type=\"column\">\n\t\t\t<div class=\"elementor-widget-wrap elementor-element-populated\">\n\t\t\t\t\t\t<div class=\"elementor-element elementor-element-9f1b053 elementor-widget elementor-widget-elementskit-heading\" data-id=\"9f1b053\" data-element_type=\"widget\" data-widget_type=\"elementskit-heading.default\">\n\t\t\t\t<div class=\"elementor-widget-container\">\n\t\t\t\t\t<div class=\"ekit-wid-con\" ><div class=\"ekit-heading elementskit-section-title-wraper text_left   ekit_heading_tablet-   ekit_heading_mobile-\"><h2 class=\"ekit-heading--title elementskit-section-title \">Elektrostatik Filtre \u00e7al\u0131\u015fma prensibi<\/h2><div class=\"ekit_heading_separetor_wraper ekit_heading_elementskit-border-divider ekit-dotted\"><div class=\"elementskit-border-divider ekit-dotted\"><\/div><\/div><\/div><\/div>\t\t\t\t<\/div>\n\t\t\t\t<\/div>\n\t\t\t\t<div class=\"elementor-element elementor-element-f657931 elementor-widget elementor-widget-text-editor\" data-id=\"f657931\" data-element_type=\"widget\" data-widget_type=\"text-editor.default\">\n\t\t\t\t<div class=\"elementor-widget-container\">\n\t\t\t\t\t\t\t\t\t<p>ESP<\/p>\t\t\t\t\t\t\t\t<\/div>\n\t\t\t\t<\/div>\n\t\t\t\t\t<\/div>\n\t\t<\/div>\n\t\t\t\t\t<\/div>\n\t\t<\/section>\n\t\t\t\t<section class=\"elementor-section elementor-inner-section elementor-element elementor-element-8cc0eaa elementor-section-boxed elementor-section-height-default elementor-section-height-default\" data-id=\"8cc0eaa\" data-element_type=\"section\">\n\t\t\t\t\t\t<div class=\"elementor-container elementor-column-gap-default\">\n\t\t\t\t\t<div class=\"elementor-column elementor-col-50 elementor-inner-column elementor-element elementor-element-d365836\" data-id=\"d365836\" data-element_type=\"column\">\n\t\t\t<div class=\"elementor-widget-wrap elementor-element-populated\">\n\t\t\t\t\t\t<div class=\"elementor-element elementor-element-5488ae1 elementor-widget elementor-widget-text-editor\" data-id=\"5488ae1\" data-element_type=\"widget\" data-widget_type=\"text-editor.default\">\n\t\t\t\t<div class=\"elementor-widget-container\">\n\t\t\t\t\t\t\t\t\t<p>Elektrostatik Filtreler ( ESP)<\/p><p>Ya\u011fl\u0131 duman ve koku problemlerinde en do\u011fru, sa\u011fl\u0131k ve g\u00fcvenlik gereksinimlerini kar\u015f\u0131lamak i\u00e7in eksiksiz \u00e7\u00f6z\u00fcm.<\/p><p>Kanal tipi SCR ESP serileri duman\u0131 filtrelemede olduk\u00e7a etkilidir. \u00c7al\u0131\u015fma prensibi, fan ile emilen kirli hava \u00f6n kaba filtreden ge\u00e7tikten sonra 2. a\u015famada y\u00fcksek voltaj uygulanarak kirli havay\u0131 iyonla\u015ft\u0131r\u0131r sonra 3. a\u015famada dumandaki ince partik\u00fcl (0,3 mikron) ve ya\u011f par\u00e7ac\u0131klar\u0131n\u0131 ana toplay\u0131c\u0131 h\u00fccresinde tutar. ESP&#8217;lerde kullan\u0131lan plakalar tekrar kullan\u0131lmak \u00fczere kolayca y\u0131kanabilir ve temizlenebilir. Bu y\u00fczden sarf maliyeti d\u00fc\u015f\u00fckt\u00fcr.<\/p><p>Not; Esp sistemde \u00e7al\u0131\u015f\u0131rken fan kapasiteleri, pascal de\u011ferleri, inverter fan h\u0131z ayarlay\u0131c\u0131lara gereksinim vard\u0131r.<\/p>\t\t\t\t\t\t\t\t<\/div>\n\t\t\t\t<\/div>\n\t\t\t\t\t<\/div>\n\t\t<\/div>\n\t\t\t\t<div class=\"elementor-column elementor-col-50 elementor-inner-column elementor-element elementor-element-d8ee28b\" data-id=\"d8ee28b\" data-element_type=\"column\">\n\t\t\t<div class=\"elementor-widget-wrap elementor-element-populated\">\n\t\t\t\t\t\t<div class=\"elementor-element elementor-element-2f4c0a4 elementor-widget elementor-widget-image\" data-id=\"2f4c0a4\" data-element_type=\"widget\" data-widget_type=\"image.default\">\n\t\t\t\t<div class=\"elementor-widget-container\">\n\t\t\t\t\t\t\t\t\t\t\t\t\t\t\t<img fetchpriority=\"high\" decoding=\"async\" width=\"439\" height=\"281\" src=\"https:\/\/scrfiltre.com\/wp-content\/uploads\/2020\/08\/\u00e7calisma-prensibi-1.png\" class=\"attachment-large size-large wp-image-6821\" alt=\"\" srcset=\"https:\/\/scrfiltre.com\/wp-content\/uploads\/2020\/08\/\u00e7calisma-prensibi-1.png 439w, https:\/\/scrfiltre.com\/wp-content\/uploads\/2020\/08\/\u00e7calisma-prensibi-1-300x192.png 300w\" sizes=\"(max-width: 439px) 100vw, 439px\" \/>\t\t\t\t\t\t\t\t\t\t\t\t\t\t\t<\/div>\n\t\t\t\t<\/div>\n\t\t\t\t\t<\/div>\n\t\t<\/div>\n\t\t\t\t\t<\/div>\n\t\t<\/section>\n\t\t\t\t<section class=\"elementor-section elementor-inner-section elementor-element elementor-element-85f32d0 elementor-section-boxed elementor-section-height-default elementor-section-height-default\" data-id=\"85f32d0\" data-element_type=\"section\">\n\t\t\t\t\t\t<div class=\"elementor-container elementor-column-gap-default\">\n\t\t\t\t\t<div class=\"elementor-column elementor-col-20 elementor-inner-column elementor-element elementor-element-2387819\" data-id=\"2387819\" data-element_type=\"column\">\n\t\t\t<div class=\"elementor-widget-wrap elementor-element-populated\">\n\t\t\t\t\t\t<div class=\"elementor-element elementor-element-3f8b493 elementor-widget-mobile__width-auto elementor-widget elementor-widget-image\" data-id=\"3f8b493\" data-element_type=\"widget\" data-widget_type=\"image.default\">\n\t\t\t\t<div class=\"elementor-widget-container\">\n\t\t\t\t\t\t\t\t\t\t\t\t\t\t\t<img decoding=\"async\" src=\"https:\/\/scrfiltre.com\/wp-content\/uploads\/2020\/08\/scrf-ic-turkce-350x250.png\" title=\"scrf-ic-turkce\" alt=\"scrf-ic-turkce\" loading=\"lazy\" \/>\t\t\t\t\t\t\t\t\t\t\t\t\t\t\t<\/div>\n\t\t\t\t<\/div>\n\t\t\t\t<div class=\"elementor-element elementor-element-bfb9174 elementor-widget elementor-widget-text-editor\" data-id=\"bfb9174\" data-element_type=\"widget\" data-widget_type=\"text-editor.default\">\n\t\t\t\t<div class=\"elementor-widget-container\">\n\t\t\t\t\t\t\t\t\t<p>SCR ESP \u00dcN\u0130TES\u0130<br>1,2 ve 3. a\u015famalar<\/p>\t\t\t\t\t\t\t\t<\/div>\n\t\t\t\t<\/div>\n\t\t\t\t\t<\/div>\n\t\t<\/div>\n\t\t\t\t<div class=\"elementor-column elementor-col-20 elementor-inner-column elementor-element elementor-element-266b4b4\" data-id=\"266b4b4\" data-element_type=\"column\">\n\t\t\t<div class=\"elementor-widget-wrap elementor-element-populated\">\n\t\t\t\t\t\t<div class=\"elementor-element elementor-element-417d07b elementor-widget-mobile__width-auto elementor-widget elementor-widget-image\" data-id=\"417d07b\" data-element_type=\"widget\" data-widget_type=\"image.default\">\n\t\t\t\t<div class=\"elementor-widget-container\">\n\t\t\t\t\t\t\t\t\t\t\t\t\t\t\t<img decoding=\"async\" src=\"https:\/\/scrfiltre.com\/wp-content\/uploads\/2020\/08\/esp-1.asama-sod-yag-tutucu-min-350x250.png\" title=\"esp-1.asama-sod-yag-tutucu-min\" alt=\"esp-1.asama-sod-yag-tutucu-min\" loading=\"lazy\" \/>\t\t\t\t\t\t\t\t\t\t\t\t\t\t\t<\/div>\n\t\t\t\t<\/div>\n\t\t\t\t<div class=\"elementor-element elementor-element-54a2046 elementor-widget elementor-widget-text-editor\" data-id=\"54a2046\" data-element_type=\"widget\" data-widget_type=\"text-editor.default\">\n\t\t\t\t<div class=\"elementor-widget-container\">\n\t\t\t\t\t\t\t\t\t<p>1.a\u015fama;SOD kaba ya\u011f <br \/>tutucu filtre<\/p>\t\t\t\t\t\t\t\t<\/div>\n\t\t\t\t<\/div>\n\t\t\t\t\t<\/div>\n\t\t<\/div>\n\t\t\t\t<div class=\"elementor-column elementor-col-20 elementor-inner-column elementor-element elementor-element-7b45aed\" data-id=\"7b45aed\" data-element_type=\"column\">\n\t\t\t<div class=\"elementor-widget-wrap elementor-element-populated\">\n\t\t\t\t\t\t<div class=\"elementor-element elementor-element-fbf741a elementor-widget elementor-widget-image\" data-id=\"fbf741a\" data-element_type=\"widget\" data-widget_type=\"image.default\">\n\t\t\t\t<div class=\"elementor-widget-container\">\n\t\t\t\t\t\t\t\t\t\t\t\t\t\t\t<img decoding=\"async\" src=\"https:\/\/scrfiltre.com\/wp-content\/uploads\/2020\/08\/scr-2.asama-iyonizer-min-350x250.png\" title=\"scr-2.asama-iyonizer-min\" alt=\"scr-2.asama-iyonizer-min\" loading=\"lazy\" \/>\t\t\t\t\t\t\t\t\t\t\t\t\t\t\t<\/div>\n\t\t\t\t<\/div>\n\t\t\t\t<div class=\"elementor-element elementor-element-c3dc188 elementor-widget elementor-widget-text-editor\" data-id=\"c3dc188\" data-element_type=\"widget\" data-widget_type=\"text-editor.default\">\n\t\t\t\t<div class=\"elementor-widget-container\">\n\t\t\t\t\t\t\t\t\t<p>2.a\u015fama;Kirli havaya y\u00fcksek voltaj uygulan\u0131r.<\/p>\t\t\t\t\t\t\t\t<\/div>\n\t\t\t\t<\/div>\n\t\t\t\t\t<\/div>\n\t\t<\/div>\n\t\t\t\t<div class=\"elementor-column elementor-col-20 elementor-inner-column elementor-element elementor-element-f5388f9\" data-id=\"f5388f9\" data-element_type=\"column\">\n\t\t\t<div class=\"elementor-widget-wrap elementor-element-populated\">\n\t\t\t\t\t\t<div class=\"elementor-element elementor-element-1a17345 elementor-widget elementor-widget-image\" data-id=\"1a17345\" data-element_type=\"widget\" data-widget_type=\"image.default\">\n\t\t\t\t<div class=\"elementor-widget-container\">\n\t\t\t\t\t\t\t\t\t\t\t\t\t\t\t<img decoding=\"async\" src=\"https:\/\/scrfiltre.com\/wp-content\/uploads\/2020\/08\/scrf-kirli-ana-toplayici-min-350x250.png\" title=\"scrf-kirli-ana-toplayici&#8211;min\" alt=\"scrf-kirli-ana-toplayici--min\" loading=\"lazy\" \/>\t\t\t\t\t\t\t\t\t\t\t\t\t\t\t<\/div>\n\t\t\t\t<\/div>\n\t\t\t\t<div class=\"elementor-element elementor-element-9a4d8ce elementor-widget elementor-widget-text-editor\" data-id=\"9a4d8ce\" data-element_type=\"widget\" data-widget_type=\"text-editor.default\">\n\t\t\t\t<div class=\"elementor-widget-container\">\n\t\t\t\t\t\t\t\t\t<p>3.a\u015fama;Nano d\u00fczeyde ya\u011f toplay\u0131c\u0131 filtre<\/p>\t\t\t\t\t\t\t\t<\/div>\n\t\t\t\t<\/div>\n\t\t\t\t\t<\/div>\n\t\t<\/div>\n\t\t\t\t<div class=\"elementor-column elementor-col-20 elementor-inner-column elementor-element elementor-element-52301fa\" data-id=\"52301fa\" data-element_type=\"column\">\n\t\t\t<div class=\"elementor-widget-wrap elementor-element-populated\">\n\t\t\t\t\t\t<div class=\"elementor-element elementor-element-dee3ca2 elementor-widget elementor-widget-image\" data-id=\"dee3ca2\" data-element_type=\"widget\" data-widget_type=\"image.default\">\n\t\t\t\t<div class=\"elementor-widget-container\">\n\t\t\t\t\t\t\t\t\t\t\t\t\t\t\t<img decoding=\"async\" src=\"https:\/\/scrfiltre.com\/wp-content\/uploads\/2020\/08\/scr-kabinici-biriken-yag-min-350x250.png\" title=\"scr-kabinici-biriken-yag-min\" alt=\"scr-kabinici-biriken-yag-min\" loading=\"lazy\" \/>\t\t\t\t\t\t\t\t\t\t\t\t\t\t\t<\/div>\n\t\t\t\t<\/div>\n\t\t\t\t<div class=\"elementor-element elementor-element-1c78452 elementor-widget elementor-widget-text-editor\" data-id=\"1c78452\" data-element_type=\"widget\" data-widget_type=\"text-editor.default\">\n\t\t\t\t<div class=\"elementor-widget-container\">\n\t\t\t\t\t\t\t\t\t<p>Kabinde biriken ya\u011f<\/p>\t\t\t\t\t\t\t\t<\/div>\n\t\t\t\t<\/div>\n\t\t\t\t\t<\/div>\n\t\t<\/div>\n\t\t\t\t\t<\/div>\n\t\t<\/section>\n\t\t\t\t\t<\/div>\n\t\t<\/div>\n\t\t\t\t\t<\/div>\n\t\t<\/section>\n\t\t\t\t<\/div>\n\t\t","protected":false},"excerpt":{"rendered":"<p>Elektrostatik Filtre \u00e7al\u0131\u015fma prensibi ESP Elektrostatik Filtreler ( ESP) Ya\u011fl\u0131 duman ve koku problemlerinde en do\u011fru, sa\u011fl\u0131k ve g\u00fcvenlik gereksinimlerini kar\u015f\u0131lamak i\u00e7in eksiksiz \u00e7\u00f6z\u00fcm. Kanal tipi SCR ESP serileri duman\u0131 filtrelemede olduk\u00e7a etkilidir. \u00c7al\u0131\u015fma prensibi, fan ile emilen kirli hava \u00f6n kaba filtreden ge\u00e7tikten sonra 2. a\u015famada y\u00fcksek voltaj uygulanarak kirli havay\u0131 iyonla\u015ft\u0131r\u0131r sonra 3. [&hellip;]<\/p>\n","protected":false},"author":1,"featured_media":0,"parent":0,"menu_order":0,"comment_status":"closed","ping_status":"closed","template":"template\/template-woo.php","meta":{"footnotes":""},"class_list":["post-6025","page","type-page","status-publish","hentry"],"yoast_head":"<!-- This site is optimized with the Yoast SEO plugin v24.2 - https:\/\/yoast.com\/wordpress\/plugins\/seo\/ -->\n<title>Elektrostatik Filtre \u00e7al\u0131\u015fma prensibi &#187; SCR Filtre<\/title>\n<meta name=\"robots\" content=\"index, follow, max-snippet:-1, max-image-preview:large, max-video-preview:-1\" \/>\n<link rel=\"canonical\" href=\"https:\/\/scrfiltre.com\/tr\/calisma-prensibi\/\" \/>\n<meta property=\"og:locale\" content=\"tr_TR\" \/>\n<meta property=\"og:type\" content=\"article\" \/>\n<meta property=\"og:title\" content=\"Elektrostatik Filtre \u00e7al\u0131\u015fma prensibi &#187; SCR Filtre\" \/>\n<meta property=\"og:description\" content=\"Elektrostatik Filtre \u00e7al\u0131\u015fma prensibi ESP Elektrostatik Filtreler ( ESP) Ya\u011fl\u0131 duman ve koku problemlerinde en do\u011fru, sa\u011fl\u0131k ve g\u00fcvenlik gereksinimlerini kar\u015f\u0131lamak i\u00e7in eksiksiz \u00e7\u00f6z\u00fcm. Kanal tipi SCR ESP serileri duman\u0131 filtrelemede olduk\u00e7a etkilidir. \u00c7al\u0131\u015fma prensibi, fan ile emilen kirli hava \u00f6n kaba filtreden ge\u00e7tikten sonra 2. a\u015famada y\u00fcksek voltaj uygulanarak kirli havay\u0131 iyonla\u015ft\u0131r\u0131r sonra 3. [&hellip;]\" \/>\n<meta property=\"og:url\" content=\"https:\/\/scrfiltre.com\/tr\/calisma-prensibi\/\" \/>\n<meta property=\"og:site_name\" content=\"SCR Filtre\" \/>\n<meta property=\"article:modified_time\" content=\"2020-09-01T09:44:41+00:00\" \/>\n<meta property=\"og:image\" content=\"https:\/\/scrfiltre.com\/wp-content\/uploads\/2020\/08\/scrf-ic-turkce-350x250.png\" \/>\n<meta name=\"twitter:card\" content=\"summary_large_image\" \/>\n<meta name=\"twitter:label1\" content=\"Tahmini okuma s\u00fcresi\" \/>\n\t<meta name=\"twitter:data1\" content=\"1 dakika\" \/>\n<script type=\"application\/ld+json\" class=\"yoast-schema-graph\">{\"@context\":\"https:\/\/schema.org\",\"@graph\":[{\"@type\":\"WebPage\",\"@id\":\"https:\/\/scrfiltre.com\/en\/calisma-prensibi\/\",\"url\":\"https:\/\/scrfiltre.com\/en\/calisma-prensibi\/\",\"name\":\"Elektrostatik Filtre \u00e7al\u0131\u015fma prensibi &#187; SCR Filtre\",\"isPartOf\":{\"@id\":\"https:\/\/scrfiltre.com\/#website\"},\"primaryImageOfPage\":{\"@id\":\"https:\/\/scrfiltre.com\/en\/calisma-prensibi\/#primaryimage\"},\"image\":{\"@id\":\"https:\/\/scrfiltre.com\/en\/calisma-prensibi\/#primaryimage\"},\"thumbnailUrl\":\"https:\/\/scrfiltre.com\/wp-content\/uploads\/2020\/08\/scrf-ic-turkce-350x250.png\",\"datePublished\":\"2020-06-09T08:34:33+00:00\",\"dateModified\":\"2020-09-01T09:44:41+00:00\",\"breadcrumb\":{\"@id\":\"https:\/\/scrfiltre.com\/en\/calisma-prensibi\/#breadcrumb\"},\"inLanguage\":\"tr\",\"potentialAction\":[{\"@type\":\"ReadAction\",\"target\":[\"https:\/\/scrfiltre.com\/en\/calisma-prensibi\/\"]}]},{\"@type\":\"ImageObject\",\"inLanguage\":\"tr\",\"@id\":\"https:\/\/scrfiltre.com\/en\/calisma-prensibi\/#primaryimage\",\"url\":\"https:\/\/scrfiltre.com\/wp-content\/uploads\/2020\/08\/scrf-ic-turkce-350x250.png\",\"contentUrl\":\"https:\/\/scrfiltre.com\/wp-content\/uploads\/2020\/08\/scrf-ic-turkce-350x250.png\"},{\"@type\":\"BreadcrumbList\",\"@id\":\"https:\/\/scrfiltre.com\/en\/calisma-prensibi\/#breadcrumb\",\"itemListElement\":[{\"@type\":\"ListItem\",\"position\":1,\"name\":\"Ana sayfa\",\"item\":\"https:\/\/scrfiltre.com\/tr\/\"},{\"@type\":\"ListItem\",\"position\":2,\"name\":\"Elektrostatik Filtre \u00e7al\u0131\u015fma prensibi\"}]},{\"@type\":\"WebSite\",\"@id\":\"https:\/\/scrfiltre.com\/#website\",\"url\":\"https:\/\/scrfiltre.com\/\",\"name\":\"SCR Filtre\",\"description\":\"Elektrostatik Filtre\",\"publisher\":{\"@id\":\"https:\/\/scrfiltre.com\/#organization\"},\"potentialAction\":[{\"@type\":\"SearchAction\",\"target\":{\"@type\":\"EntryPoint\",\"urlTemplate\":\"https:\/\/scrfiltre.com\/?s={search_term_string}\"},\"query-input\":{\"@type\":\"PropertyValueSpecification\",\"valueRequired\":true,\"valueName\":\"search_term_string\"}}],\"inLanguage\":\"tr\"},{\"@type\":\"Organization\",\"@id\":\"https:\/\/scrfiltre.com\/#organization\",\"name\":\"SCR Filtre\",\"url\":\"https:\/\/scrfiltre.com\/\",\"logo\":{\"@type\":\"ImageObject\",\"inLanguage\":\"tr\",\"@id\":\"https:\/\/scrfiltre.com\/#\/schema\/logo\/image\/\",\"url\":\"https:\/\/scrfiltre.com\/wp-content\/uploads\/2020\/06\/icon.png\",\"contentUrl\":\"https:\/\/scrfiltre.com\/wp-content\/uploads\/2020\/06\/icon.png\",\"width\":512,\"height\":512,\"caption\":\"SCR Filtre\"},\"image\":{\"@id\":\"https:\/\/scrfiltre.com\/#\/schema\/logo\/image\/\"}}]}<\/script>\n<!-- \/ Yoast SEO plugin. -->","yoast_head_json":{"title":"Elektrostatik Filtre \u00e7al\u0131\u015fma prensibi &#187; SCR Filtre","robots":{"index":"index","follow":"follow","max-snippet":"max-snippet:-1","max-image-preview":"max-image-preview:large","max-video-preview":"max-video-preview:-1"},"canonical":"https:\/\/scrfiltre.com\/tr\/calisma-prensibi\/","og_locale":"tr_TR","og_type":"article","og_title":"Elektrostatik Filtre \u00e7al\u0131\u015fma prensibi &#187; SCR Filtre","og_description":"Elektrostatik Filtre \u00e7al\u0131\u015fma prensibi ESP Elektrostatik Filtreler ( ESP) Ya\u011fl\u0131 duman ve koku problemlerinde en do\u011fru, sa\u011fl\u0131k ve g\u00fcvenlik gereksinimlerini kar\u015f\u0131lamak i\u00e7in eksiksiz \u00e7\u00f6z\u00fcm. Kanal tipi SCR ESP serileri duman\u0131 filtrelemede olduk\u00e7a etkilidir. \u00c7al\u0131\u015fma prensibi, fan ile emilen kirli hava \u00f6n kaba filtreden ge\u00e7tikten sonra 2. a\u015famada y\u00fcksek voltaj uygulanarak kirli havay\u0131 iyonla\u015ft\u0131r\u0131r sonra 3. [&hellip;]","og_url":"https:\/\/scrfiltre.com\/tr\/calisma-prensibi\/","og_site_name":"SCR Filtre","article_modified_time":"2020-09-01T09:44:41+00:00","og_image":[{"url":"https:\/\/scrfiltre.com\/wp-content\/uploads\/2020\/08\/scrf-ic-turkce-350x250.png","type":"","width":"","height":""}],"twitter_card":"summary_large_image","twitter_misc":{"Tahmini okuma s\u00fcresi":"1 dakika"},"schema":{"@context":"https:\/\/schema.org","@graph":[{"@type":"WebPage","@id":"https:\/\/scrfiltre.com\/en\/calisma-prensibi\/","url":"https:\/\/scrfiltre.com\/en\/calisma-prensibi\/","name":"Elektrostatik Filtre \u00e7al\u0131\u015fma prensibi &#187; SCR Filtre","isPartOf":{"@id":"https:\/\/scrfiltre.com\/#website"},"primaryImageOfPage":{"@id":"https:\/\/scrfiltre.com\/en\/calisma-prensibi\/#primaryimage"},"image":{"@id":"https:\/\/scrfiltre.com\/en\/calisma-prensibi\/#primaryimage"},"thumbnailUrl":"https:\/\/scrfiltre.com\/wp-content\/uploads\/2020\/08\/scrf-ic-turkce-350x250.png","datePublished":"2020-06-09T08:34:33+00:00","dateModified":"2020-09-01T09:44:41+00:00","breadcrumb":{"@id":"https:\/\/scrfiltre.com\/en\/calisma-prensibi\/#breadcrumb"},"inLanguage":"tr","potentialAction":[{"@type":"ReadAction","target":["https:\/\/scrfiltre.com\/en\/calisma-prensibi\/"]}]},{"@type":"ImageObject","inLanguage":"tr","@id":"https:\/\/scrfiltre.com\/en\/calisma-prensibi\/#primaryimage","url":"https:\/\/scrfiltre.com\/wp-content\/uploads\/2020\/08\/scrf-ic-turkce-350x250.png","contentUrl":"https:\/\/scrfiltre.com\/wp-content\/uploads\/2020\/08\/scrf-ic-turkce-350x250.png"},{"@type":"BreadcrumbList","@id":"https:\/\/scrfiltre.com\/en\/calisma-prensibi\/#breadcrumb","itemListElement":[{"@type":"ListItem","position":1,"name":"Ana sayfa","item":"https:\/\/scrfiltre.com\/tr\/"},{"@type":"ListItem","position":2,"name":"Elektrostatik Filtre \u00e7al\u0131\u015fma prensibi"}]},{"@type":"WebSite","@id":"https:\/\/scrfiltre.com\/#website","url":"https:\/\/scrfiltre.com\/","name":"SCR Filtre","description":"Elektrostatik Filtre","publisher":{"@id":"https:\/\/scrfiltre.com\/#organization"},"potentialAction":[{"@type":"SearchAction","target":{"@type":"EntryPoint","urlTemplate":"https:\/\/scrfiltre.com\/?s={search_term_string}"},"query-input":{"@type":"PropertyValueSpecification","valueRequired":true,"valueName":"search_term_string"}}],"inLanguage":"tr"},{"@type":"Organization","@id":"https:\/\/scrfiltre.com\/#organization","name":"SCR Filtre","url":"https:\/\/scrfiltre.com\/","logo":{"@type":"ImageObject","inLanguage":"tr","@id":"https:\/\/scrfiltre.com\/#\/schema\/logo\/image\/","url":"https:\/\/scrfiltre.com\/wp-content\/uploads\/2020\/06\/icon.png","contentUrl":"https:\/\/scrfiltre.com\/wp-content\/uploads\/2020\/06\/icon.png","width":512,"height":512,"caption":"SCR Filtre"},"image":{"@id":"https:\/\/scrfiltre.com\/#\/schema\/logo\/image\/"}}]}},"_links":{"self":[{"href":"https:\/\/scrfiltre.com\/tr\/wp-json\/wp\/v2\/pages\/6025"}],"collection":[{"href":"https:\/\/scrfiltre.com\/tr\/wp-json\/wp\/v2\/pages"}],"about":[{"href":"https:\/\/scrfiltre.com\/tr\/wp-json\/wp\/v2\/types\/page"}],"author":[{"embeddable":true,"href":"https:\/\/scrfiltre.com\/tr\/wp-json\/wp\/v2\/users\/1"}],"replies":[{"embeddable":true,"href":"https:\/\/scrfiltre.com\/tr\/wp-json\/wp\/v2\/comments?post=6025"}],"version-history":[{"count":24,"href":"https:\/\/scrfiltre.com\/tr\/wp-json\/wp\/v2\/pages\/6025\/revisions"}],"predecessor-version":[{"id":6855,"href":"https:\/\/scrfiltre.com\/tr\/wp-json\/wp\/v2\/pages\/6025\/revisions\/6855"}],"wp:attachment":[{"href":"https:\/\/scrfiltre.com\/tr\/wp-json\/wp\/v2\/media?parent=6025"}],"curies":[{"name":"wp","href":"https:\/\/api.w.org\/{rel}","templated":true}]}}